{"id":486,"date":"2017-11-13T18:53:37","date_gmt":"2017-11-13T21:53:37","guid":{"rendered":"http:\/\/assulba.com.br\/?post_type=product&#038;p=486"},"modified":"2024-03-17T01:02:30","modified_gmt":"2024-03-17T04:02:30","slug":"garra-americana","status":"publish","type":"product","link":"https:\/\/assulba.com.br\/?product=garra-americana","title":{"rendered":"Mop \u00famido garra americana Bralimpia"},"content":{"rendered":"","protected":false},"excerpt":{"rendered":"<p>REF. 4031<\/p>\n<p>A Haste Americana \u00e9 um acess\u00f3rio para fixar o refil de tecido que ser\u00e1 utilizado na limpeza de pisos. \u00c9 produzida em polipropileno ultra resistente com sistema de rosca pl\u00e1stica e trava para maior firmeza na fixa\u00e7\u00e3o do refil. Este acess\u00f3rio deve ser acoplado a um Cabo de Alum\u00ednio. A Haste Americana e o Cabo de Alum\u00ednio ser\u00e3o utilizados em conjunto com o Balde Espremedor para a limpeza de pisos.<\/p>\n<p><iframe loading=\"lazy\" width=\"560\" height=\"315\" src=\"https:\/\/www.youtube-nocookie.com\/embed\/k6qVFKq7cHI\" title=\"YouTube video player\" frameborder=\"0\" allow=\"accelerometer; autoplay; clipboard-write; encrypted-media; gyroscope; picture-in-picture\" allowfullscreen><\/iframe><\/p>\n","protected":false},"featured_media":8760,"template":"","meta":[],"product_brand":[],"product_cat":[135,310],"product_tag":[131,27,110,130],"class_list":{"0":"post-486","1":"product","2":"type-product","3":"status-publish","4":"has-post-thumbnail","6":"product_cat-cat_limpeza","7":"product_cat-cat_limpeza_umida","8":"product_tag-bralimpia","9":"product_tag-limpeza","10":"product_tag-mops","11":"product_tag-suportes","13":"first","14":"instock","15":"shipping-taxable","16":"purchasable","17":"product-type-simple"},"jetpack_sharing_enabled":true,"_links":{"self":[{"href":"https:\/\/assulba.com.br\/index.php?rest_route=\/wp\/v2\/product\/486","targetHints":{"allow":["GET"]}}],"collection":[{"href":"https:\/\/assulba.com.br\/index.php?rest_route=\/wp\/v2\/product"}],"about":[{"href":"https:\/\/assulba.com.br\/index.php?rest_route=\/wp\/v2\/types\/product"}],"wp:featuredmedia":[{"embeddable":true,"href":"https:\/\/assulba.com.br\/index.php?rest_route=\/wp\/v2\/media\/8760"}],"wp:attachment":[{"href":"https:\/\/assulba.com.br\/index.php?rest_route=%2Fwp%2Fv2%2Fmedia&parent=486"}],"wp:term":[{"taxonomy":"product_brand","embeddable":true,"href":"https:\/\/assulba.com.br\/index.php?rest_route=%2Fwp%2Fv2%2Fproduct_brand&post=486"},{"taxonomy":"product_cat","embeddable":true,"href":"https:\/\/assulba.com.br\/index.php?rest_route=%2Fwp%2Fv2%2Fproduct_cat&post=486"},{"taxonomy":"product_tag","embeddable":true,"href":"https:\/\/assulba.com.br\/index.php?rest_route=%2Fwp%2Fv2%2Fproduct_tag&post=486"}],"curies":[{"name":"wp","href":"https:\/\/api.w.org\/{rel}","templated":true}]}}