{"id":4843,"date":"2019-11-16T17:19:27","date_gmt":"2019-11-16T20:19:27","guid":{"rendered":"https:\/\/assulba.sslblindado.com\/?post_type=product&#038;p=4843"},"modified":"2024-03-17T01:01:06","modified_gmt":"2024-03-17T04:01:06","slug":"refil-mop-umido-ponta-dobrada-290g-nobre","status":"publish","type":"product","link":"https:\/\/assulba.com.br\/?product=refil-mop-umido-ponta-dobrada-290g-nobre","title":{"rendered":"REFIL MOP \u00daMIDO PONTA DOBRADA 290G NOBRE"},"content":{"rendered":"","protected":false},"excerpt":{"rendered":"<p>O refil mop \u00famido 290g \u00e9 uma ferramenta para ser trabalhada de forma \u00famida, ou seja, com o uso de \u00e1gua e produtos qu\u00edmicos. Seu grande diferencial est\u00e1 no fato de n\u00e3o precisar entrar em contato com a \u00e1gua suja quando estiver lavando uma superf\u00edcie. \u00c9 extremamente higi\u00eanico e pr\u00e1tico de usar.<\/p>\n<p>Os mops est\u00e3o se tornando muito comuns atualmente no Brasil, principalmente na \u00e1rea empresarial, onde \u00e9 necess\u00e1rio uma maior praticidade e agilidade no momento da limpeza. Mas, qual o melhor mop para limpeza? Essa resposta dependa da sua necessidade.<\/p>\n<p>Composi\u00e7\u00e3o: 70% algod\u00e3o e 30% poli\u00e9ster<\/p>\n","protected":false},"featured_media":4845,"template":"","meta":[],"product_brand":[],"product_cat":[135,310],"product_tag":[27,110,112],"class_list":{"0":"post-4843","1":"product","2":"type-product","3":"status-publish","4":"has-post-thumbnail","6":"product_cat-cat_limpeza","7":"product_cat-cat_limpeza_umida","8":"product_tag-limpeza","9":"product_tag-mops","10":"product_tag-refis","12":"first","13":"instock","14":"shipping-taxable","15":"purchasable","16":"product-type-simple"},"jetpack_sharing_enabled":true,"_links":{"self":[{"href":"https:\/\/assulba.com.br\/index.php?rest_route=\/wp\/v2\/product\/4843","targetHints":{"allow":["GET"]}}],"collection":[{"href":"https:\/\/assulba.com.br\/index.php?rest_route=\/wp\/v2\/product"}],"about":[{"href":"https:\/\/assulba.com.br\/index.php?rest_route=\/wp\/v2\/types\/product"}],"wp:featuredmedia":[{"embeddable":true,"href":"https:\/\/assulba.com.br\/index.php?rest_route=\/wp\/v2\/media\/4845"}],"wp:attachment":[{"href":"https:\/\/assulba.com.br\/index.php?rest_route=%2Fwp%2Fv2%2Fmedia&parent=4843"}],"wp:term":[{"taxonomy":"product_brand","embeddable":true,"href":"https:\/\/assulba.com.br\/index.php?rest_route=%2Fwp%2Fv2%2Fproduct_brand&post=4843"},{"taxonomy":"product_cat","embeddable":true,"href":"https:\/\/assulba.com.br\/index.php?rest_route=%2Fwp%2Fv2%2Fproduct_cat&post=4843"},{"taxonomy":"product_tag","embeddable":true,"href":"https:\/\/assulba.com.br\/index.php?rest_route=%2Fwp%2Fv2%2Fproduct_tag&post=4843"}],"curies":[{"name":"wp","href":"https:\/\/api.w.org\/{rel}","templated":true}]}}