{"id":484,"date":"2017-11-13T18:51:37","date_gmt":"2017-11-13T21:51:37","guid":{"rendered":"http:\/\/assulba.com.br\/?post_type=product&#038;p=484"},"modified":"2024-03-17T01:02:30","modified_gmt":"2024-03-17T04:02:30","slug":"escova-limpa-tudo-pesada","status":"publish","type":"product","link":"https:\/\/assulba.com.br\/?product=escova-limpa-tudo-pesada","title":{"rendered":"Escova Limpa Tudo pesada Bralimpia"},"content":{"rendered":"","protected":false},"excerpt":{"rendered":"<p>REF. 4020<\/p>\n<p>CERDAS PESADAS<br \/>\nMuito vers\u00e1til, o Suporte Limpa Tudo Escova em cerdas pesadas promove a limpeza de em locais com acabamentos r\u00fasticos, tais como pedras, pisos irregulares com uso de produtos qu\u00edmicos agressivos, sem preju\u00edzo ao equipamento.<\/p>\n<p>Fabricadas em Polietileno ultra resistente, estes equipamentos foram desenvolvidos para limpeza pesada em locais com acabamentos r\u00fasticos, tais como pedras, pisos irregulares, limpeza de rejuntes, bordas de piscina, e outros locais onde as fibras n\u00e3o t\u00eam efic\u00e1cia.<\/p>\n<p>Suas resistentes cerdas de nylon tem alto poder de remo\u00e7\u00e3o de sujidades e podem ser usadas para remo\u00e7\u00e3o de restos de cimentos, oleosidades e outros.<\/p>\n<p>S\u00e3o resistentes \u00e0 produtos qu\u00edmicos agressivos.<\/p>\n<p>JUNTA ARTICULADA<br \/>\nA Escova Suporte LT deve ser acoplada a um cabo de alum\u00ednio e possui junta articulada que permite que seja transferida do piso para a parede, atrav\u00e9s de movimentos simples.<\/p>\n<p>CORES<br \/>\nAmarelo<br \/>\nAzul<br \/>\nVerde<br \/>\nVermelho<\/p>\n<p>26 cm; 10 cm; 0,360 Kg<\/p>\n","protected":false},"featured_media":8766,"template":"","meta":[],"product_brand":[],"product_cat":[135,310],"product_tag":[131,111,27],"class_list":{"0":"post-484","1":"product","2":"type-product","3":"status-publish","4":"has-post-thumbnail","6":"product_cat-cat_limpeza","7":"product_cat-cat_limpeza_umida","8":"product_tag-bralimpia","9":"product_tag-escova","10":"product_tag-limpeza","12":"first","13":"instock","14":"shipping-taxable","15":"purchasable","16":"product-type-simple"},"jetpack_sharing_enabled":true,"_links":{"self":[{"href":"https:\/\/assulba.com.br\/index.php?rest_route=\/wp\/v2\/product\/484","targetHints":{"allow":["GET"]}}],"collection":[{"href":"https:\/\/assulba.com.br\/index.php?rest_route=\/wp\/v2\/product"}],"about":[{"href":"https:\/\/assulba.com.br\/index.php?rest_route=\/wp\/v2\/types\/product"}],"wp:featuredmedia":[{"embeddable":true,"href":"https:\/\/assulba.com.br\/index.php?rest_route=\/wp\/v2\/media\/8766"}],"wp:attachment":[{"href":"https:\/\/assulba.com.br\/index.php?rest_route=%2Fwp%2Fv2%2Fmedia&parent=484"}],"wp:term":[{"taxonomy":"product_brand","embeddable":true,"href":"https:\/\/assulba.com.br\/index.php?rest_route=%2Fwp%2Fv2%2Fproduct_brand&post=484"},{"taxonomy":"product_cat","embeddable":true,"href":"https:\/\/assulba.com.br\/index.php?rest_route=%2Fwp%2Fv2%2Fproduct_cat&post=484"},{"taxonomy":"product_tag","embeddable":true,"href":"https:\/\/assulba.com.br\/index.php?rest_route=%2Fwp%2Fv2%2Fproduct_tag&post=484"}],"curies":[{"name":"wp","href":"https:\/\/api.w.org\/{rel}","templated":true}]}}