{"id":482,"date":"2017-11-13T18:49:21","date_gmt":"2017-11-13T21:49:21","guid":{"rendered":"http:\/\/assulba.com.br\/?post_type=product&#038;p=482"},"modified":"2024-03-17T01:02:30","modified_gmt":"2024-03-17T04:02:30","slug":"esguicho-com-jato-regulavel","status":"publish","type":"product","link":"https:\/\/assulba.com.br\/?product=esguicho-com-jato-regulavel","title":{"rendered":"Esguicho com jato regul\u00e1vel TRAMONTINA"},"content":{"rendered":"","protected":false},"excerpt":{"rendered":"<p>REF. 1462<\/p>\n<p>Esguicho Tramontina em pl\u00e1stico com jato regul\u00e1vel para engate r\u00e1pido.<\/p>\n<p>Ferramenta da ponta do sistema;<br \/>\nUtilizado para irrigar o jardim ou a horta dom\u00e9stica;<br \/>\nUsado em mangueiras com engate r\u00e1pido de 1\/2&#8243;, 3\/4&#8243; ou 5\/8&#8243;.<\/p>\n<p>CARACTER\u00cdSTICAS<br \/>\n1. Produto fabricado com mat\u00e9ria-prima de alta qualidade proporcionando uma irriga\u00e7\u00e3o precisa e confi\u00e1vel;<br \/>\n2. Possui sistema de bloqueio da \u00e1gua;<br \/>\n3. O jato \u00e9 regul\u00e1vel, podendo ser forte com press\u00e3o para molhar o gramado ou plantas grandes, e um jato suave para molhar culturas mais sens\u00edveis como flores e hortas;<br \/>\n4. Sistema intercambi\u00e1vel que se adapta a todo o sistema de irriga\u00e7\u00e3o;<br \/>\n5. Dispensa o uso de ferramentas na montagem.<\/p>\n<p>Peso\t0,04 kg<br \/>\nComprimento\t32 mm<br \/>\nLargura\t32 mm<br \/>\nAltura\t134 mm<br \/>\nGarantia\tContra defeitos de fabrica\u00e7\u00e3o<\/p>\n","protected":false},"featured_media":1374,"template":"","meta":[],"product_brand":[],"product_cat":[313],"product_tag":[35,39,132],"class_list":{"0":"post-482","1":"product","2":"type-product","3":"status-publish","4":"has-post-thumbnail","6":"product_cat-cat_jardinagem","7":"product_tag-jardim","8":"product_tag-mangueira","9":"product_tag-tramontina","11":"first","12":"instock","13":"shipping-taxable","14":"purchasable","15":"product-type-simple"},"jetpack_sharing_enabled":true,"_links":{"self":[{"href":"https:\/\/assulba.com.br\/index.php?rest_route=\/wp\/v2\/product\/482","targetHints":{"allow":["GET"]}}],"collection":[{"href":"https:\/\/assulba.com.br\/index.php?rest_route=\/wp\/v2\/product"}],"about":[{"href":"https:\/\/assulba.com.br\/index.php?rest_route=\/wp\/v2\/types\/product"}],"wp:featuredmedia":[{"embeddable":true,"href":"https:\/\/assulba.com.br\/index.php?rest_route=\/wp\/v2\/media\/1374"}],"wp:attachment":[{"href":"https:\/\/assulba.com.br\/index.php?rest_route=%2Fwp%2Fv2%2Fmedia&parent=482"}],"wp:term":[{"taxonomy":"product_brand","embeddable":true,"href":"https:\/\/assulba.com.br\/index.php?rest_route=%2Fwp%2Fv2%2Fproduct_brand&post=482"},{"taxonomy":"product_cat","embeddable":true,"href":"https:\/\/assulba.com.br\/index.php?rest_route=%2Fwp%2Fv2%2Fproduct_cat&post=482"},{"taxonomy":"product_tag","embeddable":true,"href":"https:\/\/assulba.com.br\/index.php?rest_route=%2Fwp%2Fv2%2Fproduct_tag&post=482"}],"curies":[{"name":"wp","href":"https:\/\/api.w.org\/{rel}","templated":true}]}}