{"id":4793,"date":"2019-11-09T20:10:03","date_gmt":"2019-11-09T20:10:03","guid":{"rendered":"https:\/\/assulba.com.br\/?post_type=product&#038;p=4793"},"modified":"2024-03-17T01:01:06","modified_gmt":"2024-03-17T04:01:06","slug":"dispenser-papel-higienico-rolao-new-classic-nobre","status":"publish","type":"product","link":"https:\/\/assulba.com.br\/?product=dispenser-papel-higienico-rolao-new-classic-nobre","title":{"rendered":"Dispenser Papel Higi\u00eanico Rol\u00e3o New Classic Nobre"},"content":{"rendered":"","protected":false},"excerpt":{"rendered":"<p>O dispenser de papel higi\u00eanico rol\u00e3o funcionam com rolos espec\u00edficos de papel que s\u00e3o colocados dentro do dispenser. Podem ser encontrados rolos de 200, 300 e at\u00e9 500m.<\/p>\n<p>Como os rolos s\u00e3o grandes e junto \u00e0 economia do dispenser, \u00e9 muito comum um rolo durar bastante tempo, n\u00e3o precisando ser colocado um novo todos os dias. Claro que isso depende do fluxo de uso do produto. Escolha de prefer\u00eancia os dispensadores com sistema de rolamento independente, que facilitam a retirada do papel. Como o rolo \u00e9 muito pesado, o papel ap\u00f3s sua retirada pode ficar picotado, o rolamento independente impede que isso aconte\u00e7a.<\/p>\n","protected":false},"featured_media":4795,"template":"","meta":[],"product_brand":[],"product_cat":[22],"product_tag":[83,91,164],"class_list":{"0":"post-4793","1":"product","2":"type-product","3":"status-publish","4":"has-post-thumbnail","6":"product_cat-banheiro","7":"product_tag-banheiro","8":"product_tag-dispenser","9":"product_tag-nobre","11":"first","12":"instock","13":"shipping-taxable","14":"purchasable","15":"product-type-simple"},"jetpack_sharing_enabled":true,"_links":{"self":[{"href":"https:\/\/assulba.com.br\/index.php?rest_route=\/wp\/v2\/product\/4793","targetHints":{"allow":["GET"]}}],"collection":[{"href":"https:\/\/assulba.com.br\/index.php?rest_route=\/wp\/v2\/product"}],"about":[{"href":"https:\/\/assulba.com.br\/index.php?rest_route=\/wp\/v2\/types\/product"}],"wp:featuredmedia":[{"embeddable":true,"href":"https:\/\/assulba.com.br\/index.php?rest_route=\/wp\/v2\/media\/4795"}],"wp:attachment":[{"href":"https:\/\/assulba.com.br\/index.php?rest_route=%2Fwp%2Fv2%2Fmedia&parent=4793"}],"wp:term":[{"taxonomy":"product_brand","embeddable":true,"href":"https:\/\/assulba.com.br\/index.php?rest_route=%2Fwp%2Fv2%2Fproduct_brand&post=4793"},{"taxonomy":"product_cat","embeddable":true,"href":"https:\/\/assulba.com.br\/index.php?rest_route=%2Fwp%2Fv2%2Fproduct_cat&post=4793"},{"taxonomy":"product_tag","embeddable":true,"href":"https:\/\/assulba.com.br\/index.php?rest_route=%2Fwp%2Fv2%2Fproduct_tag&post=4793"}],"curies":[{"name":"wp","href":"https:\/\/api.w.org\/{rel}","templated":true}]}}