{"id":479,"date":"2017-11-13T18:47:03","date_gmt":"2017-11-13T21:47:03","guid":{"rendered":"http:\/\/assulba.com.br\/?post_type=product&#038;p=479"},"modified":"2024-03-17T01:02:30","modified_gmt":"2024-03-17T04:02:30","slug":"aspersor-de-impluso-setorial","status":"publish","type":"product","link":"https:\/\/assulba.com.br\/?product=aspersor-de-impluso-setorial","title":{"rendered":"Aspersor de impluso setorial TRAMONTINA"},"content":{"rendered":"","protected":false},"excerpt":{"rendered":"<p>REF. 1443<\/p>\n<p>Aspersor de impulso setorial, para engate r\u00e1pido.<\/p>\n<p>CARACTER\u00cdSTICAS<br \/>\n1. Produto fabricado com mat\u00e9ria-prima de alta qualidade proporcionando uma irriga\u00e7\u00e3o precisa e confi\u00e1vel;<br \/>\n2. Sistema intercambi\u00e1vel que se adapta a todo o sistema de irriga\u00e7\u00e3o;<br \/>\n3. Pode ser regulado horizontalmente de 30\u00b0 a 360\u00b0;<br \/>\n4. Abrange um di\u00e2metro de at\u00e9 26 metros a uma press\u00e3o acima de 2 bar.<\/p>\n<p>USO<br \/>\n1. O aspersor \u00e9 a ferramenta da ponta do sistema;<br \/>\n2. O aspersor \u00e9 utilizado para irrigar o jardim, gramados ou a horta dom\u00e9stica;<br \/>\n3. O aspersor \u00e9 usado em mangueiras com engate r\u00e1pido de 1\/2&#8243;, 3\/4&#8243; ou 5\/8&#8243;;<br \/>\n4. N\u00e3o \u00e9 recomendado o uso do aspersor de impulso, em redes de \u00e1gua com press\u00e3o inferior a 2 bar.<\/p>\n<p>Peso\t0,17 kg<br \/>\nComprimento\t215 mm<br \/>\nLargura\t120 mm<br \/>\nAltura\t55 mm<br \/>\nGarantia\tContra defeitos de fabrica\u00e7\u00e3o<\/p>\n","protected":false},"featured_media":3452,"template":"","meta":[],"product_brand":[],"product_cat":[313],"product_tag":[35,39,132],"class_list":{"0":"post-479","1":"product","2":"type-product","3":"status-publish","4":"has-post-thumbnail","6":"product_cat-cat_jardinagem","7":"product_tag-jardim","8":"product_tag-mangueira","9":"product_tag-tramontina","11":"first","12":"instock","13":"shipping-taxable","14":"purchasable","15":"product-type-simple"},"jetpack_sharing_enabled":true,"_links":{"self":[{"href":"https:\/\/assulba.com.br\/index.php?rest_route=\/wp\/v2\/product\/479","targetHints":{"allow":["GET"]}}],"collection":[{"href":"https:\/\/assulba.com.br\/index.php?rest_route=\/wp\/v2\/product"}],"about":[{"href":"https:\/\/assulba.com.br\/index.php?rest_route=\/wp\/v2\/types\/product"}],"wp:featuredmedia":[{"embeddable":true,"href":"https:\/\/assulba.com.br\/index.php?rest_route=\/wp\/v2\/media\/3452"}],"wp:attachment":[{"href":"https:\/\/assulba.com.br\/index.php?rest_route=%2Fwp%2Fv2%2Fmedia&parent=479"}],"wp:term":[{"taxonomy":"product_brand","embeddable":true,"href":"https:\/\/assulba.com.br\/index.php?rest_route=%2Fwp%2Fv2%2Fproduct_brand&post=479"},{"taxonomy":"product_cat","embeddable":true,"href":"https:\/\/assulba.com.br\/index.php?rest_route=%2Fwp%2Fv2%2Fproduct_cat&post=479"},{"taxonomy":"product_tag","embeddable":true,"href":"https:\/\/assulba.com.br\/index.php?rest_route=%2Fwp%2Fv2%2Fproduct_tag&post=479"}],"curies":[{"name":"wp","href":"https:\/\/api.w.org\/{rel}","templated":true}]}}