{"id":4787,"date":"2019-11-09T18:16:33","date_gmt":"2019-11-09T21:16:33","guid":{"rendered":"https:\/\/assulba.com.br\/?post_type=product&#038;p=4787"},"modified":"2024-03-17T01:01:06","modified_gmt":"2024-03-17T04:01:06","slug":"saboneteira-liquido-new-classic-nobre","status":"publish","type":"product","link":"https:\/\/assulba.com.br\/?product=saboneteira-liquido-new-classic-nobre","title":{"rendered":"DISPENSADOR SABONETE E \u00c1LCOOL NEW CLASSIC NOBRE"},"content":{"rendered":"","protected":false},"excerpt":{"rendered":"<p>Para Sabonete L\u00edquido e \u00c1lcool em gel<br \/>\nIdeal para cozinhas, banheiros e churrasqueiras<br \/>\nSuperresistente<br \/>\nDesign clean que n\u00e3o polui o ambiente<br \/>\nF\u00e1cil reposi\u00e7\u00e3o<br \/>\nTrava de seguran\u00e7a<br \/>\nVisor frontal para o n\u00edvel de sabonete<br \/>\nIncluso kit de instala\u00e7\u00e3o<\/p>\n","protected":false},"featured_media":4796,"template":"","meta":[],"product_brand":[],"product_cat":[22],"product_tag":[83,91,164],"class_list":{"0":"post-4787","1":"product","2":"type-product","3":"status-publish","4":"has-post-thumbnail","6":"product_cat-banheiro","7":"product_tag-banheiro","8":"product_tag-dispenser","9":"product_tag-nobre","11":"first","12":"instock","13":"shipping-taxable","14":"purchasable","15":"product-type-simple"},"jetpack_sharing_enabled":true,"_links":{"self":[{"href":"https:\/\/assulba.com.br\/index.php?rest_route=\/wp\/v2\/product\/4787","targetHints":{"allow":["GET"]}}],"collection":[{"href":"https:\/\/assulba.com.br\/index.php?rest_route=\/wp\/v2\/product"}],"about":[{"href":"https:\/\/assulba.com.br\/index.php?rest_route=\/wp\/v2\/types\/product"}],"wp:featuredmedia":[{"embeddable":true,"href":"https:\/\/assulba.com.br\/index.php?rest_route=\/wp\/v2\/media\/4796"}],"wp:attachment":[{"href":"https:\/\/assulba.com.br\/index.php?rest_route=%2Fwp%2Fv2%2Fmedia&parent=4787"}],"wp:term":[{"taxonomy":"product_brand","embeddable":true,"href":"https:\/\/assulba.com.br\/index.php?rest_route=%2Fwp%2Fv2%2Fproduct_brand&post=4787"},{"taxonomy":"product_cat","embeddable":true,"href":"https:\/\/assulba.com.br\/index.php?rest_route=%2Fwp%2Fv2%2Fproduct_cat&post=4787"},{"taxonomy":"product_tag","embeddable":true,"href":"https:\/\/assulba.com.br\/index.php?rest_route=%2Fwp%2Fv2%2Fproduct_tag&post=4787"}],"curies":[{"name":"wp","href":"https:\/\/api.w.org\/{rel}","templated":true}]}}