{"id":4761,"date":"2019-11-04T01:11:08","date_gmt":"2019-11-04T04:11:08","guid":{"rendered":"https:\/\/assulba.com.br\/?post_type=product&#038;p=4761"},"modified":"2024-03-17T01:01:06","modified_gmt":"2024-03-17T04:01:06","slug":"cinzeiro-papeleiro-inox-20x59-brinox","status":"publish","type":"product","link":"https:\/\/assulba.com.br\/?product=cinzeiro-papeleiro-inox-20x59-brinox","title":{"rendered":"CINZEIRO\/PAPELEIRO INOX 20X59 BRINOX"},"content":{"rendered":"","protected":false},"excerpt":{"rendered":"<p>A soluc\u00e3o perfeita para pequenos escrit\u00f3rios, grandes empresas, ambientes empresariais e comerciais: o cinzeiro\/papeleiro da linha Decorline possui um design cl\u00e1ssico e discreto, capaz de se adaptar a diferentes estilos de decora\u00e7\u00e3o. Seu corpo em a\u00e7o inox com acabamento em alto brilho tem um orif\u00edcio superior e outro central, para evitar enganos no momento de descartar materiais. O fundo pl\u00e1stico garante longa vida \u00e0 estrutura, que est\u00e1 dispon\u00edvel em tr\u00eas tamanhos: \u00f8 20cmx44cm, \u00f8 20cmx 59cm e \u00f8 25cmx60cm.<\/p>\n<p>Material A\u00e7o Inox<br \/>\nLinha Decorline Lixeiras<\/p>\n","protected":false},"featured_media":4762,"template":"","meta":[],"product_brand":[],"product_cat":[21,314],"product_tag":[140,31,70],"class_list":{"0":"post-4761","1":"product","2":"type-product","3":"status-publish","4":"has-post-thumbnail","6":"product_cat-cat_lixeiras","7":"product_cat-cat_lixeirainox","8":"product_tag-brinox","9":"product_tag-inox","10":"product_tag-lixeiras","12":"first","13":"instock","14":"shipping-taxable","15":"purchasable","16":"product-type-simple"},"jetpack_sharing_enabled":true,"_links":{"self":[{"href":"https:\/\/assulba.com.br\/index.php?rest_route=\/wp\/v2\/product\/4761","targetHints":{"allow":["GET"]}}],"collection":[{"href":"https:\/\/assulba.com.br\/index.php?rest_route=\/wp\/v2\/product"}],"about":[{"href":"https:\/\/assulba.com.br\/index.php?rest_route=\/wp\/v2\/types\/product"}],"wp:featuredmedia":[{"embeddable":true,"href":"https:\/\/assulba.com.br\/index.php?rest_route=\/wp\/v2\/media\/4762"}],"wp:attachment":[{"href":"https:\/\/assulba.com.br\/index.php?rest_route=%2Fwp%2Fv2%2Fmedia&parent=4761"}],"wp:term":[{"taxonomy":"product_brand","embeddable":true,"href":"https:\/\/assulba.com.br\/index.php?rest_route=%2Fwp%2Fv2%2Fproduct_brand&post=4761"},{"taxonomy":"product_cat","embeddable":true,"href":"https:\/\/assulba.com.br\/index.php?rest_route=%2Fwp%2Fv2%2Fproduct_cat&post=4761"},{"taxonomy":"product_tag","embeddable":true,"href":"https:\/\/assulba.com.br\/index.php?rest_route=%2Fwp%2Fv2%2Fproduct_tag&post=4761"}],"curies":[{"name":"wp","href":"https:\/\/api.w.org\/{rel}","templated":true}]}}