{"id":4757,"date":"2019-11-04T00:42:13","date_gmt":"2019-11-04T03:42:13","guid":{"rendered":"https:\/\/assulba.com.br\/?post_type=product&#038;p=4757"},"modified":"2024-03-17T01:01:06","modified_gmt":"2024-03-17T04:01:06","slug":"lixeira-inox-c-pedal-tampa-preta-brinox","status":"publish","type":"product","link":"https:\/\/assulba.com.br\/?product=lixeira-inox-c-pedal-tampa-preta-brinox","title":{"rendered":"LIXEIRAS INOX C\/ PEDAL TAMPA PRETA 5L OU 12L BRINOX"},"content":{"rendered":"","protected":false},"excerpt":{"rendered":"<p>O pedal deste modelo tem a base em a\u00e7o inox e ader\u00eancia com ventosas, o que garante estabilidade no uso. A tampa \u00e9 feita em polipropileno, um material dur\u00e1vel e f\u00e1cil de limpar. A resist\u00eancia do mecanismo de acionamento permite mais de um milh\u00e3o de ciclos de abertura. Com capacidade para 12L ou 5L, a lixeira tem corpo em a\u00e7o inox e a tampa preta.<\/p>\n<hr \/>\n<p><strong>OP\u00c7\u00d5ES DE TAMANHOS<\/strong><br \/>\n5L (A 31cm; L 20cm; C 20cm)<br \/>\n12L (A 43cm; L 25cm; C 25cm)<\/p>\n","protected":false},"featured_media":4759,"template":"","meta":[],"product_brand":[],"product_cat":[21,314],"product_tag":[140,31,70,72],"class_list":{"0":"post-4757","1":"product","2":"type-product","3":"status-publish","4":"has-post-thumbnail","6":"product_cat-cat_lixeiras","7":"product_cat-cat_lixeirainox","8":"product_tag-brinox","9":"product_tag-inox","10":"product_tag-lixeiras","11":"product_tag-pedal","13":"first","14":"instock","15":"shipping-taxable","16":"purchasable","17":"product-type-variable"},"jetpack_sharing_enabled":true,"_links":{"self":[{"href":"https:\/\/assulba.com.br\/index.php?rest_route=\/wp\/v2\/product\/4757","targetHints":{"allow":["GET"]}}],"collection":[{"href":"https:\/\/assulba.com.br\/index.php?rest_route=\/wp\/v2\/product"}],"about":[{"href":"https:\/\/assulba.com.br\/index.php?rest_route=\/wp\/v2\/types\/product"}],"wp:featuredmedia":[{"embeddable":true,"href":"https:\/\/assulba.com.br\/index.php?rest_route=\/wp\/v2\/media\/4759"}],"wp:attachment":[{"href":"https:\/\/assulba.com.br\/index.php?rest_route=%2Fwp%2Fv2%2Fmedia&parent=4757"}],"wp:term":[{"taxonomy":"product_brand","embeddable":true,"href":"https:\/\/assulba.com.br\/index.php?rest_route=%2Fwp%2Fv2%2Fproduct_brand&post=4757"},{"taxonomy":"product_cat","embeddable":true,"href":"https:\/\/assulba.com.br\/index.php?rest_route=%2Fwp%2Fv2%2Fproduct_cat&post=4757"},{"taxonomy":"product_tag","embeddable":true,"href":"https:\/\/assulba.com.br\/index.php?rest_route=%2Fwp%2Fv2%2Fproduct_tag&post=4757"}],"curies":[{"name":"wp","href":"https:\/\/api.w.org\/{rel}","templated":true}]}}