{"id":475,"date":"2017-11-13T18:44:16","date_gmt":"2017-11-13T21:44:16","guid":{"rendered":"http:\/\/assulba.com.br\/?post_type=product&#038;p=475"},"modified":"2024-03-17T01:03:11","modified_gmt":"2024-03-17T04:03:11","slug":"tesoura-para-cerca-viva","status":"publish","type":"product","link":"https:\/\/assulba.com.br\/?product=tesoura-para-cerca-viva","title":{"rendered":"Tesoura para cerca viva\/grama TRAMONTINA"},"content":{"rendered":"","protected":false},"excerpt":{"rendered":"<p>REF. 1413<\/p>\n<p>Tesoura para cerca viva\/grama, l\u00e2mina serrilhada e polida de 12&#8243;, cabo de madeira.<\/p>\n<p>CARACTER\u00cdSTICAS<br \/>\n&#8211; A tesoura \u00e9 temperada em todo o corpo da pe\u00e7a, proporcionando maior resist\u00eancia e menor desgaste durante o uso.<br \/>\n&#8211; L\u00e2minas serrilhadas e polidas de 12&#8243; fabricadas em a\u00e7o carbono especial de alta qualidade.<br \/>\n&#8211; A l\u00e2mina serrilhada possibilita cortar pequenos galhos.<br \/>\n&#8211; A afia\u00e7\u00e3o das l\u00e2minas \u00e9 feita em m\u00e1quinas CNC, proporcionando excelente durabilidade do fio e um corte mais preciso e macio.<br \/>\n&#8211; O cabo desta ferramenta, al\u00e9m de possuir \u00f3tima resist\u00eancia, \u00e9 produzido com madeira de origem renov\u00e1vel.<br \/>\n&#8211; Cabo com acabamento envernizado, para um melhor acabamento e apresenta\u00e7\u00e3o do produto. A camada protetora em verniz incolor real\u00e7a sua tonalidade, concedendo brilho e um toque mais liso ao produto.<br \/>\n&#8211; Leve e pr\u00e1tica no uso.<\/p>\n<p>USO<br \/>\n&#8211; A tesoura \u00e9 pr\u00f3pria para desbaste e acabamento de cerca viva, arbustos e para aparar a grama. Tamb\u00e9m pode ser utilizado na topiaria (arte de podar plantas em formas ornamentais).<\/p>\n<p>Peso\t0,65 kg<br \/>\nComprimento\t484 mm<br \/>\nLargura\t159 mm<br \/>\nAltura\t108 mm<br \/>\nGarantia\tContra defeitos de fabrica\u00e7\u00e3o<\/p>\n","protected":false},"featured_media":8074,"template":"","meta":[],"product_brand":[],"product_cat":[313],"product_tag":[34,35,132],"class_list":{"0":"post-475","1":"product","2":"type-product","3":"status-publish","4":"has-post-thumbnail","6":"product_cat-cat_jardinagem","7":"product_tag-ferramenta","8":"product_tag-jardim","9":"product_tag-tramontina","11":"first","12":"instock","13":"shipping-taxable","14":"purchasable","15":"product-type-simple"},"jetpack_sharing_enabled":true,"_links":{"self":[{"href":"https:\/\/assulba.com.br\/index.php?rest_route=\/wp\/v2\/product\/475","targetHints":{"allow":["GET"]}}],"collection":[{"href":"https:\/\/assulba.com.br\/index.php?rest_route=\/wp\/v2\/product"}],"about":[{"href":"https:\/\/assulba.com.br\/index.php?rest_route=\/wp\/v2\/types\/product"}],"wp:featuredmedia":[{"embeddable":true,"href":"https:\/\/assulba.com.br\/index.php?rest_route=\/wp\/v2\/media\/8074"}],"wp:attachment":[{"href":"https:\/\/assulba.com.br\/index.php?rest_route=%2Fwp%2Fv2%2Fmedia&parent=475"}],"wp:term":[{"taxonomy":"product_brand","embeddable":true,"href":"https:\/\/assulba.com.br\/index.php?rest_route=%2Fwp%2Fv2%2Fproduct_brand&post=475"},{"taxonomy":"product_cat","embeddable":true,"href":"https:\/\/assulba.com.br\/index.php?rest_route=%2Fwp%2Fv2%2Fproduct_cat&post=475"},{"taxonomy":"product_tag","embeddable":true,"href":"https:\/\/assulba.com.br\/index.php?rest_route=%2Fwp%2Fv2%2Fproduct_tag&post=475"}],"curies":[{"name":"wp","href":"https:\/\/api.w.org\/{rel}","templated":true}]}}