{"id":4744,"date":"2019-11-03T23:02:55","date_gmt":"2019-11-04T02:02:55","guid":{"rendered":"https:\/\/assulba.com.br\/?post_type=product&#038;p=4744"},"modified":"2024-03-17T01:01:06","modified_gmt":"2024-03-17T04:01:06","slug":"discos-limpador-polidor-e-removedor-para-enceradeira-cleaner","status":"publish","type":"product","link":"https:\/\/assulba.com.br\/?product=discos-limpador-polidor-e-removedor-para-enceradeira-cleaner","title":{"rendered":"DISCOS DE FIBRAS 350MM PARA ENCERADEIRA CLEANER"},"content":{"rendered":"","protected":false},"excerpt":{"rendered":"<p>Discos \u00e0 base de fibras sint\u00e9ticas e mineral, abrasivas e polidoras, unidas por adesivo sint\u00e9tico resistente a \u00e1gua, detergentes e outros limpadores normalmente usados na manuten\u00e7\u00e3o do piso.<br \/>\nProporcionam uma superf\u00edcie limpa e apropriada para a aplica\u00e7\u00e3o de novas camadas de acabamento, na opera\u00e7\u00e3o de limpeza, lavagem ou polimento do piso. Os discos s\u00e3o usados juntamente com um produto qu\u00edmico neutro para remo\u00e7\u00e3o das camadas de riscos, manchas, marcas e outras sujidades impregnadas, sem danificar o piso.<\/p>\n<hr \/>\n<p><strong>OP\u00c7\u00d5ES DE MODELO<\/strong><br \/>\nLustrador<br \/>\nRestaurador<br \/>\nLimpador<br \/>\nRemovedor<\/p>\n","protected":false},"featured_media":4769,"template":"","meta":[],"product_brand":[],"product_cat":[135,310],"product_tag":[107,27,155],"class_list":{"0":"post-4744","1":"product","2":"type-product","3":"status-publish","4":"has-post-thumbnail","6":"product_cat-cat_limpeza","7":"product_cat-cat_limpeza_umida","8":"product_tag-encerar","9":"product_tag-limpeza","10":"product_tag-piso","12":"first","13":"instock","14":"shipping-taxable","15":"purchasable","16":"product-type-variable"},"jetpack_sharing_enabled":true,"_links":{"self":[{"href":"https:\/\/assulba.com.br\/index.php?rest_route=\/wp\/v2\/product\/4744","targetHints":{"allow":["GET"]}}],"collection":[{"href":"https:\/\/assulba.com.br\/index.php?rest_route=\/wp\/v2\/product"}],"about":[{"href":"https:\/\/assulba.com.br\/index.php?rest_route=\/wp\/v2\/types\/product"}],"wp:featuredmedia":[{"embeddable":true,"href":"https:\/\/assulba.com.br\/index.php?rest_route=\/wp\/v2\/media\/4769"}],"wp:attachment":[{"href":"https:\/\/assulba.com.br\/index.php?rest_route=%2Fwp%2Fv2%2Fmedia&parent=4744"}],"wp:term":[{"taxonomy":"product_brand","embeddable":true,"href":"https:\/\/assulba.com.br\/index.php?rest_route=%2Fwp%2Fv2%2Fproduct_brand&post=4744"},{"taxonomy":"product_cat","embeddable":true,"href":"https:\/\/assulba.com.br\/index.php?rest_route=%2Fwp%2Fv2%2Fproduct_cat&post=4744"},{"taxonomy":"product_tag","embeddable":true,"href":"https:\/\/assulba.com.br\/index.php?rest_route=%2Fwp%2Fv2%2Fproduct_tag&post=4744"}],"curies":[{"name":"wp","href":"https:\/\/api.w.org\/{rel}","templated":true}]}}