{"id":4735,"date":"2019-11-03T21:24:08","date_gmt":"2019-11-04T00:24:08","guid":{"rendered":"https:\/\/assulba.com.br\/?post_type=product&#038;p=4735"},"modified":"2024-03-17T01:01:06","modified_gmt":"2024-03-17T04:01:06","slug":"refil-mop-po-prof-bralimpia","status":"publish","type":"product","link":"https:\/\/assulba.com.br\/?product=refil-mop-po-prof-bralimpia","title":{"rendered":"REFIL MOP P\u00d3 PROF BRALIMPIA"},"content":{"rendered":"","protected":false},"excerpt":{"rendered":"<p>Refil Mop P\u00f3 Profi<br \/>\nTamanho: 60cm X 15cm<\/p>\n<p>Refil composto por fios 100% acr\u00edlicos que permitemuma est\u00e1tica natural, com resultado superior na reten\u00e7\u00e3o de part\u00edculas.<\/p>\n<p>Sistema e fechamento por la\u00e7os.<\/p>\n","protected":false},"featured_media":4870,"template":"","meta":[],"product_brand":[],"product_cat":[135,309],"product_tag":[131,110,112],"class_list":{"0":"post-4735","1":"product","2":"type-product","3":"status-publish","4":"has-post-thumbnail","6":"product_cat-cat_limpeza","7":"product_cat-cat_limpeza_seca","8":"product_tag-bralimpia","9":"product_tag-mops","10":"product_tag-refis","12":"first","13":"instock","14":"shipping-taxable","15":"purchasable","16":"product-type-simple"},"jetpack_sharing_enabled":true,"_links":{"self":[{"href":"https:\/\/assulba.com.br\/index.php?rest_route=\/wp\/v2\/product\/4735","targetHints":{"allow":["GET"]}}],"collection":[{"href":"https:\/\/assulba.com.br\/index.php?rest_route=\/wp\/v2\/product"}],"about":[{"href":"https:\/\/assulba.com.br\/index.php?rest_route=\/wp\/v2\/types\/product"}],"wp:featuredmedia":[{"embeddable":true,"href":"https:\/\/assulba.com.br\/index.php?rest_route=\/wp\/v2\/media\/4870"}],"wp:attachment":[{"href":"https:\/\/assulba.com.br\/index.php?rest_route=%2Fwp%2Fv2%2Fmedia&parent=4735"}],"wp:term":[{"taxonomy":"product_brand","embeddable":true,"href":"https:\/\/assulba.com.br\/index.php?rest_route=%2Fwp%2Fv2%2Fproduct_brand&post=4735"},{"taxonomy":"product_cat","embeddable":true,"href":"https:\/\/assulba.com.br\/index.php?rest_route=%2Fwp%2Fv2%2Fproduct_cat&post=4735"},{"taxonomy":"product_tag","embeddable":true,"href":"https:\/\/assulba.com.br\/index.php?rest_route=%2Fwp%2Fv2%2Fproduct_tag&post=4735"}],"curies":[{"name":"wp","href":"https:\/\/api.w.org\/{rel}","templated":true}]}}