{"id":4733,"date":"2019-11-03T21:16:41","date_gmt":"2019-11-04T00:16:41","guid":{"rendered":"https:\/\/assulba.com.br\/?post_type=product&#038;p=4733"},"modified":"2024-03-17T01:01:06","modified_gmt":"2024-03-17T04:01:06","slug":"refil-algodao-mop-po-com-loop-bralimpia","status":"publish","type":"product","link":"https:\/\/assulba.com.br\/?product=refil-algodao-mop-po-com-loop-bralimpia","title":{"rendered":"REFIS EM ALGOD\u00c3O MOP P\u00d3 COM LOOP BRALIMPIA"},"content":{"rendered":"","protected":false},"excerpt":{"rendered":"<p>Refil Mop P\u00f3 Cotton Tech \u00e9 composto por fios mistos de 85% algod\u00e3o e 15% de fios acr\u00edlicos. Confeccionado em sistema de looping. Possui \u00f3tima absor\u00e7\u00e3o de l\u00edquidos. Produzido para poder ser lavado v\u00e1rias vezes. N\u00e3o encolhe. \u00c9 fixado no suporte por sistema de fechamento de la\u00e7os.<\/p>\n<hr \/>\n<p><strong>OP\u00c7\u00d5ES DE DIMENS\u00d5ES<\/strong><br \/>\n40 cent\u00edmetros<br \/>\n60 cent\u00edmetros<\/p>\n","protected":false},"featured_media":4734,"template":"","meta":[],"product_brand":[],"product_cat":[135,309],"product_tag":[131,27,110,112],"class_list":{"0":"post-4733","1":"product","2":"type-product","3":"status-publish","4":"has-post-thumbnail","6":"product_cat-cat_limpeza","7":"product_cat-cat_limpeza_seca","8":"product_tag-bralimpia","9":"product_tag-limpeza","10":"product_tag-mops","11":"product_tag-refis","13":"first","14":"instock","15":"shipping-taxable","16":"purchasable","17":"product-type-variable"},"jetpack_sharing_enabled":true,"_links":{"self":[{"href":"https:\/\/assulba.com.br\/index.php?rest_route=\/wp\/v2\/product\/4733","targetHints":{"allow":["GET"]}}],"collection":[{"href":"https:\/\/assulba.com.br\/index.php?rest_route=\/wp\/v2\/product"}],"about":[{"href":"https:\/\/assulba.com.br\/index.php?rest_route=\/wp\/v2\/types\/product"}],"wp:featuredmedia":[{"embeddable":true,"href":"https:\/\/assulba.com.br\/index.php?rest_route=\/wp\/v2\/media\/4734"}],"wp:attachment":[{"href":"https:\/\/assulba.com.br\/index.php?rest_route=%2Fwp%2Fv2%2Fmedia&parent=4733"}],"wp:term":[{"taxonomy":"product_brand","embeddable":true,"href":"https:\/\/assulba.com.br\/index.php?rest_route=%2Fwp%2Fv2%2Fproduct_brand&post=4733"},{"taxonomy":"product_cat","embeddable":true,"href":"https:\/\/assulba.com.br\/index.php?rest_route=%2Fwp%2Fv2%2Fproduct_cat&post=4733"},{"taxonomy":"product_tag","embeddable":true,"href":"https:\/\/assulba.com.br\/index.php?rest_route=%2Fwp%2Fv2%2Fproduct_tag&post=4733"}],"curies":[{"name":"wp","href":"https:\/\/api.w.org\/{rel}","templated":true}]}}