{"id":4731,"date":"2019-11-03T21:05:09","date_gmt":"2019-11-04T00:05:09","guid":{"rendered":"https:\/\/assulba.com.br\/?post_type=product&#038;p=4731"},"modified":"2024-03-17T01:01:07","modified_gmt":"2024-03-17T04:01:07","slug":"armacao-mop-po-profi-bralimpia","status":"publish","type":"product","link":"https:\/\/assulba.com.br\/?product=armacao-mop-po-profi-bralimpia","title":{"rendered":"ARMA\u00c7\u00d5ES MOP P\u00d3 PROFI BRALIMPIA"},"content":{"rendered":"","protected":false},"excerpt":{"rendered":"<p>Produzidas em polipropileno de alta resist\u00eancia com estrutura em a\u00e7o galvanizado.<br \/>\nDispon\u00edveis nos tamanhos de 40 cm e 60 cm. Foram projetadas para refis com largura de 15 cm.<\/p>\n","protected":false},"featured_media":8867,"template":"","meta":[],"product_brand":[],"product_cat":[135,309],"product_tag":[131,27,110],"class_list":{"0":"post-4731","1":"product","2":"type-product","3":"status-publish","4":"has-post-thumbnail","6":"product_cat-cat_limpeza","7":"product_cat-cat_limpeza_seca","8":"product_tag-bralimpia","9":"product_tag-limpeza","10":"product_tag-mops","12":"first","13":"instock","14":"shipping-taxable","15":"purchasable","16":"product-type-variable"},"jetpack_sharing_enabled":true,"_links":{"self":[{"href":"https:\/\/assulba.com.br\/index.php?rest_route=\/wp\/v2\/product\/4731","targetHints":{"allow":["GET"]}}],"collection":[{"href":"https:\/\/assulba.com.br\/index.php?rest_route=\/wp\/v2\/product"}],"about":[{"href":"https:\/\/assulba.com.br\/index.php?rest_route=\/wp\/v2\/types\/product"}],"wp:featuredmedia":[{"embeddable":true,"href":"https:\/\/assulba.com.br\/index.php?rest_route=\/wp\/v2\/media\/8867"}],"wp:attachment":[{"href":"https:\/\/assulba.com.br\/index.php?rest_route=%2Fwp%2Fv2%2Fmedia&parent=4731"}],"wp:term":[{"taxonomy":"product_brand","embeddable":true,"href":"https:\/\/assulba.com.br\/index.php?rest_route=%2Fwp%2Fv2%2Fproduct_brand&post=4731"},{"taxonomy":"product_cat","embeddable":true,"href":"https:\/\/assulba.com.br\/index.php?rest_route=%2Fwp%2Fv2%2Fproduct_cat&post=4731"},{"taxonomy":"product_tag","embeddable":true,"href":"https:\/\/assulba.com.br\/index.php?rest_route=%2Fwp%2Fv2%2Fproduct_tag&post=4731"}],"curies":[{"name":"wp","href":"https:\/\/api.w.org\/{rel}","templated":true}]}}