{"id":473,"date":"2017-11-13T18:42:57","date_gmt":"2017-11-13T21:42:57","guid":{"rendered":"http:\/\/assulba.com.br\/?post_type=product&#038;p=473"},"modified":"2024-03-17T01:03:11","modified_gmt":"2024-03-17T04:03:11","slug":"adaptador-femea","status":"publish","type":"product","link":"https:\/\/assulba.com.br\/?product=adaptador-femea","title":{"rendered":"Adaptador F\u00eamea TRAMONTINA"},"content":{"rendered":"","protected":false},"excerpt":{"rendered":"<p>REF. 1437<\/p>\n<p>Adaptador Tramontina em pl\u00e1stico, com rosca de 3\/4&#8243; e redu\u00e7\u00e3o de 1\/2&#8243;.<\/p>\n<p>Faz a liga\u00e7\u00e3o do sistema com a rede de \u00e1gua e com os pontos de sa\u00edda.<\/p>\n<p>1. Produto fabricado com mat\u00e9ria-prima de alta qualidade proporcionando uma irriga\u00e7\u00e3o precisa e confi\u00e1vel;<br \/>\n2. Sistema intercambi\u00e1vel que se adapta a todo o sistema de irriga\u00e7\u00e3o;<br \/>\n3. Dispensa o uso de ferramentas na montagem.<\/p>\n<p>Peso\t0,01 kg<br \/>\nComprimento\t32 mm<br \/>\nLargura\t32 mm<br \/>\nAltura\t41 mm<br \/>\nGarantia\tContra defeitos de fabrica\u00e7\u00e3o<\/p>\n","protected":false},"featured_media":1342,"template":"","meta":[],"product_brand":[],"product_cat":[313],"product_tag":[35,39,132],"class_list":{"0":"post-473","1":"product","2":"type-product","3":"status-publish","4":"has-post-thumbnail","6":"product_cat-cat_jardinagem","7":"product_tag-jardim","8":"product_tag-mangueira","9":"product_tag-tramontina","11":"first","12":"instock","13":"shipping-taxable","14":"purchasable","15":"product-type-simple"},"jetpack_sharing_enabled":true,"_links":{"self":[{"href":"https:\/\/assulba.com.br\/index.php?rest_route=\/wp\/v2\/product\/473","targetHints":{"allow":["GET"]}}],"collection":[{"href":"https:\/\/assulba.com.br\/index.php?rest_route=\/wp\/v2\/product"}],"about":[{"href":"https:\/\/assulba.com.br\/index.php?rest_route=\/wp\/v2\/types\/product"}],"wp:featuredmedia":[{"embeddable":true,"href":"https:\/\/assulba.com.br\/index.php?rest_route=\/wp\/v2\/media\/1342"}],"wp:attachment":[{"href":"https:\/\/assulba.com.br\/index.php?rest_route=%2Fwp%2Fv2%2Fmedia&parent=473"}],"wp:term":[{"taxonomy":"product_brand","embeddable":true,"href":"https:\/\/assulba.com.br\/index.php?rest_route=%2Fwp%2Fv2%2Fproduct_brand&post=473"},{"taxonomy":"product_cat","embeddable":true,"href":"https:\/\/assulba.com.br\/index.php?rest_route=%2Fwp%2Fv2%2Fproduct_cat&post=473"},{"taxonomy":"product_tag","embeddable":true,"href":"https:\/\/assulba.com.br\/index.php?rest_route=%2Fwp%2Fv2%2Fproduct_tag&post=473"}],"curies":[{"name":"wp","href":"https:\/\/api.w.org\/{rel}","templated":true}]}}