{"id":471,"date":"2017-11-13T18:41:54","date_gmt":"2017-11-13T21:41:54","guid":{"rendered":"http:\/\/assulba.com.br\/?post_type=product&#038;p=471"},"modified":"2024-03-17T01:03:11","modified_gmt":"2024-03-17T04:03:11","slug":"enxadinha","status":"publish","type":"product","link":"https:\/\/assulba.com.br\/?product=enxadinha","title":{"rendered":"Sacho cora\u00e7\u00e3o TRAMONTINA"},"content":{"rendered":"","protected":false},"excerpt":{"rendered":"<p>PROMO\u00c7\u00c3O: v\u00e1lida enquanto houver produto em estoque.<\/p>\n<p>REF. 1421<\/p>\n<p>Para quem precisa de uma ferramenta vers\u00e1til para trabalhos na jardinagem e agricultura, o sacho cora\u00e7\u00e3o da Tramontina \u00e9 a op\u00e7\u00e3o ideal. As duas extremidades com formatos diferentes podem ser usadas para v\u00e1rias atividades, como capinar, abrir valos e at\u00e9 como substituto da enxada para tarefas menores.<\/p>\n<p>\t&#8211; O sacho \u00e9 temperado em todo o corpo da pe\u00e7a, proporcionando maior resist\u00eancia e menor desgaste durante o uso.<br \/>\n&#8211; Fabricado em a\u00e7o carbono especial de alta qualidade.<br \/>\n&#8211; Recebe pintura eletrost\u00e1tica a p\u00f3, que tem uma melhor apresenta\u00e7\u00e3o visual e maior prote\u00e7\u00e3o contra oxida\u00e7\u00e3o.<br \/>\n&#8211; Possui olho de 29 mm de di\u00e2metro.<br \/>\n&#8211; O cabo de 43 cm desta ferramenta, al\u00e9m de possuir \u00f3tima resist\u00eancia, \u00e9 produzido com madeira de origem renov\u00e1vel.<br \/>\n&#8211; Cabo com acabamento envernizado, para um melhor acabamento e apresenta\u00e7\u00e3o do produto. A camada protetora em verniz incolor real\u00e7a sua tonalidade, concedendo brilho e um toque mais liso ao produto.<br \/>\n&#8211; O sistema de encabamento com bucha pl\u00e1stica proporciona excelente fixa\u00e7\u00e3o do sacho, evitando que os cabos se soltem durante o uso. A bucha absorve a contra\u00e7\u00e3o da madeira, mantendo o cabo sempre firme, e auxilia na absor\u00e7\u00e3o do impacto durante o uso.<br \/>\n&#8211; Produto leve, que gera menos esfor\u00e7o f\u00edsico do usu\u00e1rio e torna o trabalho mais prazeroso.<\/p>\n<p>&#8211; O sacho cora\u00e7\u00e3o \u00e9 utilizado na agricultura, horticultura, fruticultura e jardinagem para cavar e revolver o solo, incorporando adubos e corretivos. Auxilia ainda na modelagem de canteiros, na abertura de valos e sulcos no solo e outras utiliza\u00e7\u00f5es semelhantes \u00e0s enxadas. \u00c9 a ferramenta ideal para cuidar do jardim e realizar trabalhos em canteiros estreitos.<\/p>\n<p>Peso 0,54 kg<br \/>\nComprimento 428 mm<br \/>\nLargura\t98 mm<br \/>\nAltura 266 mm<br \/>\nGarantia Contra defeitos de fabrica\u00e7\u00e3o<\/p>\n","protected":false},"featured_media":2788,"template":"","meta":[],"product_brand":[],"product_cat":[313],"product_tag":[34,35,132],"class_list":{"0":"post-471","1":"product","2":"type-product","3":"status-publish","4":"has-post-thumbnail","6":"product_cat-cat_jardinagem","7":"product_tag-ferramenta","8":"product_tag-jardim","9":"product_tag-tramontina","11":"first","12":"instock","13":"shipping-taxable","14":"purchasable","15":"product-type-simple"},"jetpack_sharing_enabled":true,"_links":{"self":[{"href":"https:\/\/assulba.com.br\/index.php?rest_route=\/wp\/v2\/product\/471","targetHints":{"allow":["GET"]}}],"collection":[{"href":"https:\/\/assulba.com.br\/index.php?rest_route=\/wp\/v2\/product"}],"about":[{"href":"https:\/\/assulba.com.br\/index.php?rest_route=\/wp\/v2\/types\/product"}],"wp:featuredmedia":[{"embeddable":true,"href":"https:\/\/assulba.com.br\/index.php?rest_route=\/wp\/v2\/media\/2788"}],"wp:attachment":[{"href":"https:\/\/assulba.com.br\/index.php?rest_route=%2Fwp%2Fv2%2Fmedia&parent=471"}],"wp:term":[{"taxonomy":"product_brand","embeddable":true,"href":"https:\/\/assulba.com.br\/index.php?rest_route=%2Fwp%2Fv2%2Fproduct_brand&post=471"},{"taxonomy":"product_cat","embeddable":true,"href":"https:\/\/assulba.com.br\/index.php?rest_route=%2Fwp%2Fv2%2Fproduct_cat&post=471"},{"taxonomy":"product_tag","embeddable":true,"href":"https:\/\/assulba.com.br\/index.php?rest_route=%2Fwp%2Fv2%2Fproduct_tag&post=471"}],"curies":[{"name":"wp","href":"https:\/\/api.w.org\/{rel}","templated":true}]}}