{"id":470,"date":"2017-11-13T18:41:11","date_gmt":"2017-11-13T21:41:11","guid":{"rendered":"http:\/\/assulba.com.br\/?post_type=product&#038;p=470"},"modified":"2024-03-17T01:03:11","modified_gmt":"2024-03-17T04:03:11","slug":"aspersor-oscilante","status":"publish","type":"product","link":"https:\/\/assulba.com.br\/?product=aspersor-oscilante","title":{"rendered":"Aspersor oscilante TRAMONTINA"},"content":{"rendered":"","protected":false},"excerpt":{"rendered":"<p>REF. 1488<\/p>\n<p>Aspersor Oscilante Tramontina, para engate r\u00e1pido.<\/p>\n<p>CARACTER\u00cdSTICAS<br \/>\n1. Produto fabricado com mat\u00e9ria-prima de alta qualidade proporcionando uma irriga\u00e7\u00e3o precisa e confi\u00e1vel;<br \/>\n2. Sistema intercambi\u00e1vel que se adapta a todo o sistema de irriga\u00e7\u00e3o.<\/p>\n<p>USO<br \/>\n1. O aspersor \u00e9 a ferramenta da ponta do sistema;<br \/>\n2. O aspersorr \u00e9 utilizado para irrigar o jardim, gramados ou a horta dom\u00e9stica;<br \/>\n3. O aspersor \u00e9 usado em mangueiras com engate r\u00e1pido de 1\/2&#8243;, 3\/4&#8243; ou 5\/8&#8243;.<\/p>\n<p>Peso\t0,49 kg<br \/>\nComprimento\t487 mm<br \/>\nLargura\t180 mm<br \/>\nAltura\t75 mm<\/p>\n","protected":false},"featured_media":1391,"template":"","meta":[],"product_brand":[],"product_cat":[313],"product_tag":[35,39,132],"class_list":{"0":"post-470","1":"product","2":"type-product","3":"status-publish","4":"has-post-thumbnail","6":"product_cat-cat_jardinagem","7":"product_tag-jardim","8":"product_tag-mangueira","9":"product_tag-tramontina","11":"first","12":"instock","13":"shipping-taxable","14":"purchasable","15":"product-type-simple"},"jetpack_sharing_enabled":true,"_links":{"self":[{"href":"https:\/\/assulba.com.br\/index.php?rest_route=\/wp\/v2\/product\/470","targetHints":{"allow":["GET"]}}],"collection":[{"href":"https:\/\/assulba.com.br\/index.php?rest_route=\/wp\/v2\/product"}],"about":[{"href":"https:\/\/assulba.com.br\/index.php?rest_route=\/wp\/v2\/types\/product"}],"wp:featuredmedia":[{"embeddable":true,"href":"https:\/\/assulba.com.br\/index.php?rest_route=\/wp\/v2\/media\/1391"}],"wp:attachment":[{"href":"https:\/\/assulba.com.br\/index.php?rest_route=%2Fwp%2Fv2%2Fmedia&parent=470"}],"wp:term":[{"taxonomy":"product_brand","embeddable":true,"href":"https:\/\/assulba.com.br\/index.php?rest_route=%2Fwp%2Fv2%2Fproduct_brand&post=470"},{"taxonomy":"product_cat","embeddable":true,"href":"https:\/\/assulba.com.br\/index.php?rest_route=%2Fwp%2Fv2%2Fproduct_cat&post=470"},{"taxonomy":"product_tag","embeddable":true,"href":"https:\/\/assulba.com.br\/index.php?rest_route=%2Fwp%2Fv2%2Fproduct_tag&post=470"}],"curies":[{"name":"wp","href":"https:\/\/api.w.org\/{rel}","templated":true}]}}