{"id":4694,"date":"2019-11-02T21:40:38","date_gmt":"2019-11-03T00:40:38","guid":{"rendered":"https:\/\/assulba.com.br\/?post_type=product&#038;p=4694"},"modified":"2024-03-17T01:01:07","modified_gmt":"2024-03-17T04:01:07","slug":"cesto-fechado-tampa-preta-60l-azul","status":"publish","type":"product","link":"https:\/\/assulba.com.br\/?product=cesto-fechado-tampa-preta-60l-azul","title":{"rendered":"LIXEIRA COM TAMPA 60L PRETA"},"content":{"rendered":"","protected":false},"excerpt":{"rendered":"<p>Cesto de lixo altamente resistente. Sua tampa \u00e9 projetada para evitar o ac\u00famulo de \u00e1gua quando o cesto \u00e9 colocado em \u00e1reas externas. Possui al\u00e7as laterais e pegador na parte inferior para facilitar o despejo do lixo. Produzido em polipropileno.<\/p>\n","protected":false},"featured_media":5414,"template":"","meta":[],"product_brand":[],"product_cat":[21,317],"product_tag":[27,70],"class_list":{"0":"post-4694","1":"product","2":"type-product","3":"status-publish","4":"has-post-thumbnail","6":"product_cat-cat_lixeiras","7":"product_cat-cat_demaislixeiras","8":"product_tag-limpeza","9":"product_tag-lixeiras","11":"first","12":"instock","13":"shipping-taxable","14":"purchasable","15":"product-type-simple"},"jetpack_sharing_enabled":true,"_links":{"self":[{"href":"https:\/\/assulba.com.br\/index.php?rest_route=\/wp\/v2\/product\/4694","targetHints":{"allow":["GET"]}}],"collection":[{"href":"https:\/\/assulba.com.br\/index.php?rest_route=\/wp\/v2\/product"}],"about":[{"href":"https:\/\/assulba.com.br\/index.php?rest_route=\/wp\/v2\/types\/product"}],"wp:featuredmedia":[{"embeddable":true,"href":"https:\/\/assulba.com.br\/index.php?rest_route=\/wp\/v2\/media\/5414"}],"wp:attachment":[{"href":"https:\/\/assulba.com.br\/index.php?rest_route=%2Fwp%2Fv2%2Fmedia&parent=4694"}],"wp:term":[{"taxonomy":"product_brand","embeddable":true,"href":"https:\/\/assulba.com.br\/index.php?rest_route=%2Fwp%2Fv2%2Fproduct_brand&post=4694"},{"taxonomy":"product_cat","embeddable":true,"href":"https:\/\/assulba.com.br\/index.php?rest_route=%2Fwp%2Fv2%2Fproduct_cat&post=4694"},{"taxonomy":"product_tag","embeddable":true,"href":"https:\/\/assulba.com.br\/index.php?rest_route=%2Fwp%2Fv2%2Fproduct_tag&post=4694"}],"curies":[{"name":"wp","href":"https:\/\/api.w.org\/{rel}","templated":true}]}}