{"id":469,"date":"2017-11-13T18:40:35","date_gmt":"2017-11-13T21:40:35","guid":{"rendered":"http:\/\/assulba.com.br\/?post_type=product&#038;p=469"},"modified":"2024-03-17T01:03:11","modified_gmt":"2024-03-17T04:03:11","slug":"carrinho-de-mao","status":"publish","type":"product","link":"https:\/\/assulba.com.br\/?product=carrinho-de-mao","title":{"rendered":"Carrinhos de m\u00e3o TRAMONTINA"},"content":{"rendered":"","protected":false},"excerpt":{"rendered":"<p>REF. 1428<\/p>\n<p>Carrinhos de m\u00e3o Tramontina ca\u00e7amba pl\u00e1stica ou met\u00e1lica e em diversos modelos.<\/p>\n<p>Ideal para uso geral. O carrinho de m\u00e3o proporciona deslocamentos mais f\u00e1ceis, seja de ferramentas, materiais corrosivos ou materiais diversos como terra e areia. O carrinho de m\u00e3o da Tramontina garante alta resist\u00eancia, aliada a um \u00f3timo acabamento. Produto fabricado segundo norma ABNT NBR 16269.<\/p>\n<p>CARACTER\u00cdSTICAS<br \/>\n&#8211; Os carrinhos de m\u00e3o Tramontina s\u00e3o fabricados atrav\u00e9s de processos altamente tecnol\u00f3gicos, que garantem alta resist\u00eancia, excelente qualidade e bom acabamento aos produtos.<br \/>\n&#8211; O carrinho de m\u00e3o \u00e9 produzido a partir de mat\u00e9rias-primas de alta qualidade.<br \/>\n&#8211; Possui ca\u00e7amba fabricada com pl\u00e1stico ou metal de alta resist\u00eancia.<br \/>\n&#8211; Empunhaduras ergon\u00f4micas.<br \/>\n&#8211; Eixo em a\u00e7o de alta resist\u00eancia e bucha em nylon autolubrificante.<br \/>\n&#8211; Bico arredondado para facilitar a descarga dos materiais.<br \/>\n&#8211; Bra\u00e7o met\u00e1lico tubular.<br \/>\n&#8211; Pneu com c\u00e2mara 3.25\/8&#8243;.<\/p>\n<p>USO<br \/>\n&#8211; O carrinho de m\u00e3o Tramontina \u00e9 direcionado para uso geral.<\/p>\n","protected":false},"featured_media":4479,"template":"","meta":[],"product_brand":[],"product_cat":[313],"product_tag":[54,35,132],"class_list":{"0":"post-469","1":"product","2":"type-product","3":"status-publish","4":"has-post-thumbnail","6":"product_cat-cat_jardinagem","7":"product_tag-carrinho","8":"product_tag-jardim","9":"product_tag-tramontina","11":"first","12":"instock","13":"shipping-taxable","14":"purchasable","15":"product-type-simple"},"jetpack_sharing_enabled":true,"_links":{"self":[{"href":"https:\/\/assulba.com.br\/index.php?rest_route=\/wp\/v2\/product\/469","targetHints":{"allow":["GET"]}}],"collection":[{"href":"https:\/\/assulba.com.br\/index.php?rest_route=\/wp\/v2\/product"}],"about":[{"href":"https:\/\/assulba.com.br\/index.php?rest_route=\/wp\/v2\/types\/product"}],"wp:featuredmedia":[{"embeddable":true,"href":"https:\/\/assulba.com.br\/index.php?rest_route=\/wp\/v2\/media\/4479"}],"wp:attachment":[{"href":"https:\/\/assulba.com.br\/index.php?rest_route=%2Fwp%2Fv2%2Fmedia&parent=469"}],"wp:term":[{"taxonomy":"product_brand","embeddable":true,"href":"https:\/\/assulba.com.br\/index.php?rest_route=%2Fwp%2Fv2%2Fproduct_brand&post=469"},{"taxonomy":"product_cat","embeddable":true,"href":"https:\/\/assulba.com.br\/index.php?rest_route=%2Fwp%2Fv2%2Fproduct_cat&post=469"},{"taxonomy":"product_tag","embeddable":true,"href":"https:\/\/assulba.com.br\/index.php?rest_route=%2Fwp%2Fv2%2Fproduct_tag&post=469"}],"curies":[{"name":"wp","href":"https:\/\/api.w.org\/{rel}","templated":true}]}}