{"id":4671,"date":"2019-11-02T14:43:03","date_gmt":"2019-11-02T14:43:03","guid":{"rendered":"https:\/\/assulba.com.br\/?post_type=product&#038;p=4671"},"modified":"2024-03-17T01:01:07","modified_gmt":"2024-03-17T04:01:07","slug":"fortcom-saboneteira-refil-spray","status":"publish","type":"product","link":"https:\/\/assulba.com.br\/?product=fortcom-saboneteira-refil-spray","title":{"rendered":"SABONETEIRA RESERVAT\u00d3RIO 1L DROPY"},"content":{"rendered":"","protected":false},"excerpt":{"rendered":"<p>Saboneteira com reservat\u00f3rio para 1 litro de sabonete l\u00edquido\/gel ou \u00e1lcool gel. Dispositivo de sa\u00edda atrav\u00e9s de v\u00e1lvula resistente, produzida em ABS. Fabricada em PP branco. Dimens\u00f5es: Altura 24cm x Profundidade 10cm x Largura 11cm.<\/p>\n","protected":false},"featured_media":8168,"template":"","meta":[],"product_brand":[],"product_cat":[22],"product_tag":[83,91,162,95],"class_list":{"0":"post-4671","1":"product","2":"type-product","3":"status-publish","4":"has-post-thumbnail","6":"product_cat-banheiro","7":"product_tag-banheiro","8":"product_tag-dispenser","9":"product_tag-higiene","10":"product_tag-saboneteira","12":"first","13":"instock","14":"shipping-taxable","15":"purchasable","16":"product-type-simple"},"jetpack_sharing_enabled":true,"_links":{"self":[{"href":"https:\/\/assulba.com.br\/index.php?rest_route=\/wp\/v2\/product\/4671","targetHints":{"allow":["GET"]}}],"collection":[{"href":"https:\/\/assulba.com.br\/index.php?rest_route=\/wp\/v2\/product"}],"about":[{"href":"https:\/\/assulba.com.br\/index.php?rest_route=\/wp\/v2\/types\/product"}],"wp:featuredmedia":[{"embeddable":true,"href":"https:\/\/assulba.com.br\/index.php?rest_route=\/wp\/v2\/media\/8168"}],"wp:attachment":[{"href":"https:\/\/assulba.com.br\/index.php?rest_route=%2Fwp%2Fv2%2Fmedia&parent=4671"}],"wp:term":[{"taxonomy":"product_brand","embeddable":true,"href":"https:\/\/assulba.com.br\/index.php?rest_route=%2Fwp%2Fv2%2Fproduct_brand&post=4671"},{"taxonomy":"product_cat","embeddable":true,"href":"https:\/\/assulba.com.br\/index.php?rest_route=%2Fwp%2Fv2%2Fproduct_cat&post=4671"},{"taxonomy":"product_tag","embeddable":true,"href":"https:\/\/assulba.com.br\/index.php?rest_route=%2Fwp%2Fv2%2Fproduct_tag&post=4671"}],"curies":[{"name":"wp","href":"https:\/\/api.w.org\/{rel}","templated":true}]}}