{"id":467,"date":"2017-11-13T18:39:03","date_gmt":"2017-11-13T21:39:03","guid":{"rendered":"http:\/\/assulba.com.br\/?post_type=product&#038;p=467"},"modified":"2024-03-17T01:03:12","modified_gmt":"2024-03-17T04:03:12","slug":"ancinho-3-dentes","status":"publish","type":"product","link":"https:\/\/assulba.com.br\/?product=ancinho-3-dentes","title":{"rendered":"Ancinho 3 dentes TRAMONTINA"},"content":{"rendered":"","protected":false},"excerpt":{"rendered":"<p>REF. 1422<\/p>\n<p>Ancinho Tramontina, 3 dentes, cabo de madeira.<\/p>\n<p>CARACTER\u00cdSTICAS<br \/>\n&#8211; Fabricado em a\u00e7o carbono especial de alta qualidade.<br \/>\n&#8211; Recebe pintura eletrost\u00e1tica a p\u00f3, que tem uma melhor apresenta\u00e7\u00e3o visual e maior prote\u00e7\u00e3o contra oxida\u00e7\u00e3o.<br \/>\n&#8211; Possui 3 dentes.<br \/>\n&#8211; O cabo desta ferramenta, al\u00e9m de possuir \u00f3tima resist\u00eancia, \u00e9 produzido com madeira de origem renov\u00e1vel.<br \/>\n&#8211; Cabo com acabamento envernizado, para um melhor acabamento e apresenta\u00e7\u00e3o do produto. A camada protetora em verniz incolor real\u00e7a sua tonalidade, concedendo brilho e um toque mais liso ao produto.<br \/>\n&#8211; Produto leve, que gera menos esfor\u00e7o f\u00edsico do usu\u00e1rio e torna o trabalho mais prazeroso.<\/p>\n<p>USO<br \/>\n&#8211; O ancinho \u00e9 utilizado na agricultura, horticultura, fruticultura e jardinagem para servi\u00e7os gerais, principalmente para afofar a terra e remover detritos.<\/p>\n<p>Peso 0,12 kg<br \/>\nComprimento 256 mm<br \/>\nLargura 72 mm<br \/>\nAltura 60 mm<br \/>\nGarantia Contra defeitos de fabrica\u00e7\u00e3o<\/p>\n","protected":false},"featured_media":1395,"template":"","meta":[],"product_brand":[],"product_cat":[313],"product_tag":[34,35,132],"class_list":{"0":"post-467","1":"product","2":"type-product","3":"status-publish","4":"has-post-thumbnail","6":"product_cat-cat_jardinagem","7":"product_tag-ferramenta","8":"product_tag-jardim","9":"product_tag-tramontina","11":"first","12":"instock","13":"shipping-taxable","14":"purchasable","15":"product-type-simple"},"jetpack_sharing_enabled":true,"_links":{"self":[{"href":"https:\/\/assulba.com.br\/index.php?rest_route=\/wp\/v2\/product\/467","targetHints":{"allow":["GET"]}}],"collection":[{"href":"https:\/\/assulba.com.br\/index.php?rest_route=\/wp\/v2\/product"}],"about":[{"href":"https:\/\/assulba.com.br\/index.php?rest_route=\/wp\/v2\/types\/product"}],"wp:featuredmedia":[{"embeddable":true,"href":"https:\/\/assulba.com.br\/index.php?rest_route=\/wp\/v2\/media\/1395"}],"wp:attachment":[{"href":"https:\/\/assulba.com.br\/index.php?rest_route=%2Fwp%2Fv2%2Fmedia&parent=467"}],"wp:term":[{"taxonomy":"product_brand","embeddable":true,"href":"https:\/\/assulba.com.br\/index.php?rest_route=%2Fwp%2Fv2%2Fproduct_brand&post=467"},{"taxonomy":"product_cat","embeddable":true,"href":"https:\/\/assulba.com.br\/index.php?rest_route=%2Fwp%2Fv2%2Fproduct_cat&post=467"},{"taxonomy":"product_tag","embeddable":true,"href":"https:\/\/assulba.com.br\/index.php?rest_route=%2Fwp%2Fv2%2Fproduct_tag&post=467"}],"curies":[{"name":"wp","href":"https:\/\/api.w.org\/{rel}","templated":true}]}}