{"id":466,"date":"2017-11-13T18:38:18","date_gmt":"2017-11-13T21:38:18","guid":{"rendered":"http:\/\/assulba.com.br\/?post_type=product&#038;p=466"},"modified":"2024-03-17T01:03:12","modified_gmt":"2024-03-17T04:03:12","slug":"pa-de-bico-pequena","status":"publish","type":"product","link":"https:\/\/assulba.com.br\/?product=pa-de-bico-pequena","title":{"rendered":"P\u00c1 DE BICO PEQUENA C\/ CABO 45CM TRAMONTINA"},"content":{"rendered":"","protected":false},"excerpt":{"rendered":"<p>Produzida em a\u00e7o carbono cortado a laser, temperado para maior durabilidade. Coberta com pintura eletrost\u00e1tica a p\u00f3, que proporciona mais resist\u00eancia contra oxida\u00e7\u00e3o. Cabo de 45 cm em madeira e envernizado com empunhadura pl\u00e1stica. \u00c9 indicada para jardinagem.<\/p>\n<p>Peso 0,55 kg<br \/>\nLargura 15 cm<br \/>\nAltura 63 cm<\/p>\n","protected":false},"featured_media":8076,"template":"","meta":[],"product_brand":[],"product_cat":[313],"product_tag":[34,35,132],"class_list":{"0":"post-466","1":"product","2":"type-product","3":"status-publish","4":"has-post-thumbnail","6":"product_cat-cat_jardinagem","7":"product_tag-ferramenta","8":"product_tag-jardim","9":"product_tag-tramontina","11":"first","12":"instock","13":"shipping-taxable","14":"purchasable","15":"product-type-simple"},"jetpack_sharing_enabled":true,"_links":{"self":[{"href":"https:\/\/assulba.com.br\/index.php?rest_route=\/wp\/v2\/product\/466","targetHints":{"allow":["GET"]}}],"collection":[{"href":"https:\/\/assulba.com.br\/index.php?rest_route=\/wp\/v2\/product"}],"about":[{"href":"https:\/\/assulba.com.br\/index.php?rest_route=\/wp\/v2\/types\/product"}],"wp:featuredmedia":[{"embeddable":true,"href":"https:\/\/assulba.com.br\/index.php?rest_route=\/wp\/v2\/media\/8076"}],"wp:attachment":[{"href":"https:\/\/assulba.com.br\/index.php?rest_route=%2Fwp%2Fv2%2Fmedia&parent=466"}],"wp:term":[{"taxonomy":"product_brand","embeddable":true,"href":"https:\/\/assulba.com.br\/index.php?rest_route=%2Fwp%2Fv2%2Fproduct_brand&post=466"},{"taxonomy":"product_cat","embeddable":true,"href":"https:\/\/assulba.com.br\/index.php?rest_route=%2Fwp%2Fv2%2Fproduct_cat&post=466"},{"taxonomy":"product_tag","embeddable":true,"href":"https:\/\/assulba.com.br\/index.php?rest_route=%2Fwp%2Fv2%2Fproduct_tag&post=466"}],"curies":[{"name":"wp","href":"https:\/\/api.w.org\/{rel}","templated":true}]}}