{"id":465,"date":"2017-11-13T18:37:14","date_gmt":"2017-11-13T21:37:14","guid":{"rendered":"http:\/\/assulba.com.br\/?post_type=product&#038;p=465"},"modified":"2024-03-17T01:03:12","modified_gmt":"2024-03-17T04:03:12","slug":"hidropistola-multifuncao","status":"publish","type":"product","link":"https:\/\/assulba.com.br\/?product=hidropistola-multifuncao","title":{"rendered":"Hidropistola multifun\u00e7\u00e3o longa TRAMONTINA"},"content":{"rendered":"","protected":false},"excerpt":{"rendered":"<p>REF. 1493<\/p>\n<p>Hidropistola Tramontina Multifun\u00e7\u00e3o, 10 tipos de jatos, cabo met\u00e1lico e para engate r\u00e1pido.<\/p>\n<p>Ferramenta da ponta do sistema;<br \/>\nUtilizada para irrigar o jardim ou a horta dom\u00e9stica;<br \/>\nUsada em mangueiras com engate r\u00e1pido de 1\/2&#8243;, 3\/4&#8243; ou 5\/8&#8243;.<\/p>\n<p>CARACTER\u00cdSTICAS<br \/>\n&#8211; Produto fabricado com mat\u00e9ria-prima de alta qualidade proporcionando uma irriga\u00e7\u00e3o precisa e confi\u00e1vel.<br \/>\n&#8211; 10 tipos de jato d&#039;\u00e1gua: jato concentrado (full), jato chuveirinho (shower), jato disperso (scatter), jato c\u00f4nico (cone), jato m\u00faltiplo (quincunx), jato direcionado (jet), jato centralizado (center), jato n\u00e9voa (mist), jato leque horizontal (flat) e jato leque vertical (vertical).<br \/>\n&#8211; Extens\u00e3o em alum\u00ednio polido, com 39 cm.<br \/>\n&#8211; Cabo anat\u00f4mico com revestimento emborrachado.<br \/>\n&#8211; Cabo longo, ideal para irriga\u00e7\u00e3o de folhagens densas e vasos de flores em altura.<br \/>\n&#8211; A hidropistola \u00e9 conectada em mangueiras de 1\/2&#8243;, 5\/8&#8243; e 3\/4&#8243; atrav\u00e9s de sistema de engate r\u00e1pido.<br \/>\n&#8211; Possui sistema de bloqueio da \u00e1gua.<br \/>\n&#8211; Regulagem da vaz\u00e3o acess\u00edvel na pr\u00f3pria m\u00e3o.<br \/>\n&#8211; Sistema intercambi\u00e1vel que se adapta a todo o sistema de irriga\u00e7\u00e3o.<br \/>\n&#8211; Produto comercializado em blister\/cartela.<\/p>\n<p>Peso\t0,27 kg<br \/>\nComprimento\t622 mm<br \/>\nLargura\t66 mm<br \/>\nAltura\t128 mm<\/p>\n","protected":false},"featured_media":1333,"template":"","meta":[],"product_brand":[],"product_cat":[313],"product_tag":[35,39,132],"class_list":{"0":"post-465","1":"product","2":"type-product","3":"status-publish","4":"has-post-thumbnail","6":"product_cat-cat_jardinagem","7":"product_tag-jardim","8":"product_tag-mangueira","9":"product_tag-tramontina","11":"first","12":"instock","13":"shipping-taxable","14":"purchasable","15":"product-type-simple"},"jetpack_sharing_enabled":true,"_links":{"self":[{"href":"https:\/\/assulba.com.br\/index.php?rest_route=\/wp\/v2\/product\/465","targetHints":{"allow":["GET"]}}],"collection":[{"href":"https:\/\/assulba.com.br\/index.php?rest_route=\/wp\/v2\/product"}],"about":[{"href":"https:\/\/assulba.com.br\/index.php?rest_route=\/wp\/v2\/types\/product"}],"wp:featuredmedia":[{"embeddable":true,"href":"https:\/\/assulba.com.br\/index.php?rest_route=\/wp\/v2\/media\/1333"}],"wp:attachment":[{"href":"https:\/\/assulba.com.br\/index.php?rest_route=%2Fwp%2Fv2%2Fmedia&parent=465"}],"wp:term":[{"taxonomy":"product_brand","embeddable":true,"href":"https:\/\/assulba.com.br\/index.php?rest_route=%2Fwp%2Fv2%2Fproduct_brand&post=465"},{"taxonomy":"product_cat","embeddable":true,"href":"https:\/\/assulba.com.br\/index.php?rest_route=%2Fwp%2Fv2%2Fproduct_cat&post=465"},{"taxonomy":"product_tag","embeddable":true,"href":"https:\/\/assulba.com.br\/index.php?rest_route=%2Fwp%2Fv2%2Fproduct_tag&post=465"}],"curies":[{"name":"wp","href":"https:\/\/api.w.org\/{rel}","templated":true}]}}