{"id":459,"date":"2017-11-13T18:32:36","date_gmt":"2017-11-13T21:32:36","guid":{"rendered":"http:\/\/assulba.com.br\/?post_type=product&#038;p=459"},"modified":"2024-03-17T01:03:12","modified_gmt":"2024-03-17T04:03:12","slug":"jardim-1","status":"publish","type":"product","link":"https:\/\/assulba.com.br\/?product=jardim-1","title":{"rendered":"Conector de mangueira TRAMONTINA"},"content":{"rendered":"","protected":false},"excerpt":{"rendered":"<p>REF. 1474<\/p>\n<p>Conector para engate r\u00e1pido<\/p>\n<p>Usado para unir duas mangueiras atrav\u00e9s de engates r\u00e1pidos de 1\/2&#8243;, 5\/8&#8243; e 3\/4<\/p>\n<p>1. Produto fabricado com mat\u00e9ria-prima de alta qualidade proporcionando uma irriga\u00e7\u00e3o precisa e confi\u00e1vel;<br \/>\n2. Sistema intercambi\u00e1vel que se adapta a todo o sistema de irriga\u00e7\u00e3o;<br \/>\n3. Dispensa o uso de ferramentas na montagem.<\/p>\n<p>Peso\t0,01 kg<br \/>\nComprimento\t32 mm<br \/>\nLargura\t32 mm<br \/>\nAltura\t49 mm<br \/>\nGarantia\tContra defeitos de fabrica\u00e7\u00e3o<\/p>\n","protected":false},"featured_media":1345,"template":"","meta":[],"product_brand":[],"product_cat":[313],"product_tag":[35,39,132],"class_list":{"0":"post-459","1":"product","2":"type-product","3":"status-publish","4":"has-post-thumbnail","6":"product_cat-cat_jardinagem","7":"product_tag-jardim","8":"product_tag-mangueira","9":"product_tag-tramontina","11":"first","12":"instock","13":"shipping-taxable","14":"purchasable","15":"product-type-simple"},"jetpack_sharing_enabled":true,"_links":{"self":[{"href":"https:\/\/assulba.com.br\/index.php?rest_route=\/wp\/v2\/product\/459","targetHints":{"allow":["GET"]}}],"collection":[{"href":"https:\/\/assulba.com.br\/index.php?rest_route=\/wp\/v2\/product"}],"about":[{"href":"https:\/\/assulba.com.br\/index.php?rest_route=\/wp\/v2\/types\/product"}],"wp:featuredmedia":[{"embeddable":true,"href":"https:\/\/assulba.com.br\/index.php?rest_route=\/wp\/v2\/media\/1345"}],"wp:attachment":[{"href":"https:\/\/assulba.com.br\/index.php?rest_route=%2Fwp%2Fv2%2Fmedia&parent=459"}],"wp:term":[{"taxonomy":"product_brand","embeddable":true,"href":"https:\/\/assulba.com.br\/index.php?rest_route=%2Fwp%2Fv2%2Fproduct_brand&post=459"},{"taxonomy":"product_cat","embeddable":true,"href":"https:\/\/assulba.com.br\/index.php?rest_route=%2Fwp%2Fv2%2Fproduct_cat&post=459"},{"taxonomy":"product_tag","embeddable":true,"href":"https:\/\/assulba.com.br\/index.php?rest_route=%2Fwp%2Fv2%2Fproduct_tag&post=459"}],"curies":[{"name":"wp","href":"https:\/\/api.w.org\/{rel}","templated":true}]}}