{"id":449,"date":"2017-11-13T18:21:09","date_gmt":"2017-11-13T18:21:09","guid":{"rendered":"http:\/\/assulba.com.br\/?post_type=product&#038;p=449"},"modified":"2024-03-17T01:03:12","modified_gmt":"2024-03-17T04:03:12","slug":"dispenser-papel-toalha-2","status":"publish","type":"product","link":"https:\/\/assulba.com.br\/?product=dispenser-papel-toalha-2","title":{"rendered":"Dispenser papel toalha interfolha Exaccta"},"content":{"rendered":"","protected":false},"excerpt":{"rendered":"<p>REF. 1607<\/p>\n<p>Desenvolvido e Fabricado com tecnologia de ponta, utilizando materiais de alta resist\u00eancia. Design inovador com sobre tampa que permite seu uso como decora\u00e7\u00e3o em diversos ambientes.<\/p>\n<p>Cores do Dispensador:<br \/>\nBranco \/ Cristal \/ Fum\u00ea<\/p>\n<p>Cores das Sobretampas:<br \/>\nSafira (azul) \/ Prata (cromo) \/ Ouro(Dourado) \/ \u00f4nix (preto) \/ Esmeralda (verde) \/ Rubi (vermelho) \/ Cristal (transparente)<\/p>\n<p>Medidas:<br \/>\nAltura: 320mm<br \/>\nLargura: 270mm<br \/>\nProfundidade: 134mm<\/p>\n<p>Material do Dispensador:<br \/>\nTampa: Polipropileno<br \/>\nBase: Poliestireno<br \/>\nSobre tampa: Sangel<\/p>\n<p>Pap\u00e9is Utilizados:<br \/>\nPap\u00e9is Toalha Interfolha<br \/>\n2 ou 3 Dobras<\/p>\n<p>Instala\u00e7\u00e3o:<br \/>\nBuchas e parafusos (inclu\u00eddos)<br \/>\nFita dupla-face (n\u00e3o inclu\u00edda)<\/p>\n<p>Sistema de Abertura e Fechamento com chave<\/p>\n","protected":false},"featured_media":6329,"template":"","meta":[],"product_brand":[],"product_cat":[22],"product_tag":[83,91],"class_list":{"0":"post-449","1":"product","2":"type-product","3":"status-publish","4":"has-post-thumbnail","6":"product_cat-banheiro","7":"product_tag-banheiro","8":"product_tag-dispenser","10":"first","11":"instock","12":"shipping-taxable","13":"purchasable","14":"product-type-simple"},"jetpack_sharing_enabled":true,"_links":{"self":[{"href":"https:\/\/assulba.com.br\/index.php?rest_route=\/wp\/v2\/product\/449","targetHints":{"allow":["GET"]}}],"collection":[{"href":"https:\/\/assulba.com.br\/index.php?rest_route=\/wp\/v2\/product"}],"about":[{"href":"https:\/\/assulba.com.br\/index.php?rest_route=\/wp\/v2\/types\/product"}],"wp:featuredmedia":[{"embeddable":true,"href":"https:\/\/assulba.com.br\/index.php?rest_route=\/wp\/v2\/media\/6329"}],"wp:attachment":[{"href":"https:\/\/assulba.com.br\/index.php?rest_route=%2Fwp%2Fv2%2Fmedia&parent=449"}],"wp:term":[{"taxonomy":"product_brand","embeddable":true,"href":"https:\/\/assulba.com.br\/index.php?rest_route=%2Fwp%2Fv2%2Fproduct_brand&post=449"},{"taxonomy":"product_cat","embeddable":true,"href":"https:\/\/assulba.com.br\/index.php?rest_route=%2Fwp%2Fv2%2Fproduct_cat&post=449"},{"taxonomy":"product_tag","embeddable":true,"href":"https:\/\/assulba.com.br\/index.php?rest_route=%2Fwp%2Fv2%2Fproduct_tag&post=449"}],"curies":[{"name":"wp","href":"https:\/\/api.w.org\/{rel}","templated":true}]}}