{"id":448,"date":"2017-11-13T18:18:30","date_gmt":"2017-11-13T21:18:30","guid":{"rendered":"http:\/\/assulba.com.br\/?post_type=product&#038;p=448"},"modified":"2024-03-17T01:03:12","modified_gmt":"2024-03-17T04:03:12","slug":"dispenser-trilha","status":"publish","type":"product","link":"https:\/\/assulba.com.br\/?product=dispenser-trilha","title":{"rendered":"DISPENSADOR \u00c1LCOOL E SABONETE SCALA TRILHA"},"content":{"rendered":"","protected":false},"excerpt":{"rendered":"<p>REF. 1602 \/ REF. 1601<\/p>\n<p>Saboneteira com reservat\u00f3rio para \u00e1lcool gel ou sabonete l\u00edquido. Possui v\u00e1lvula de mola, com durabilidade superior \u00e0s v\u00e1lvulas de borracha. Produzida em ABS, ela \u00e9 mais resistente que a maioria dos produtos similares dispon\u00edveis no mercado.<\/p>\n<p>Frente: Branca.<br \/>\nBase: Cinza.<\/p>\n<p>sabonete\/\u00e1lcool<\/p>\n","protected":false},"featured_media":3278,"template":"","meta":[],"product_brand":[],"product_cat":[22],"product_tag":[83,91,95],"class_list":{"0":"post-448","1":"product","2":"type-product","3":"status-publish","4":"has-post-thumbnail","6":"product_cat-banheiro","7":"product_tag-banheiro","8":"product_tag-dispenser","9":"product_tag-saboneteira","11":"first","12":"instock","13":"shipping-taxable","14":"purchasable","15":"product-type-simple"},"jetpack_sharing_enabled":true,"_links":{"self":[{"href":"https:\/\/assulba.com.br\/index.php?rest_route=\/wp\/v2\/product\/448","targetHints":{"allow":["GET"]}}],"collection":[{"href":"https:\/\/assulba.com.br\/index.php?rest_route=\/wp\/v2\/product"}],"about":[{"href":"https:\/\/assulba.com.br\/index.php?rest_route=\/wp\/v2\/types\/product"}],"wp:featuredmedia":[{"embeddable":true,"href":"https:\/\/assulba.com.br\/index.php?rest_route=\/wp\/v2\/media\/3278"}],"wp:attachment":[{"href":"https:\/\/assulba.com.br\/index.php?rest_route=%2Fwp%2Fv2%2Fmedia&parent=448"}],"wp:term":[{"taxonomy":"product_brand","embeddable":true,"href":"https:\/\/assulba.com.br\/index.php?rest_route=%2Fwp%2Fv2%2Fproduct_brand&post=448"},{"taxonomy":"product_cat","embeddable":true,"href":"https:\/\/assulba.com.br\/index.php?rest_route=%2Fwp%2Fv2%2Fproduct_cat&post=448"},{"taxonomy":"product_tag","embeddable":true,"href":"https:\/\/assulba.com.br\/index.php?rest_route=%2Fwp%2Fv2%2Fproduct_tag&post=448"}],"curies":[{"name":"wp","href":"https:\/\/api.w.org\/{rel}","templated":true}]}}