{"id":447,"date":"2017-11-13T18:19:17","date_gmt":"2017-11-13T21:19:17","guid":{"rendered":"http:\/\/assulba.com.br\/?post_type=product&#038;p=447"},"modified":"2024-03-17T01:03:12","modified_gmt":"2024-03-17T04:03:12","slug":"dispenser-exacta","status":"publish","type":"product","link":"https:\/\/assulba.com.br\/?product=dispenser-exacta","title":{"rendered":"DISPENSADOR \u00c1LCOOL E SABONETE EXACCTA"},"content":{"rendered":"","protected":false},"excerpt":{"rendered":"<p>REF. 1604<br \/>\nSabonete\/\u00c1lcool<br \/>\nDesenvolvido e Fabricado com tecnologia de ponta, utilizando materiais de alta resist\u00eancia. Design inovador com sobre tampa que permite seu uso como decora\u00e7\u00e3o em diversos ambientes. Sistema de V\u00e1lvula Efusiva que dispensa o uso da v\u00e1lvula de l\u00e1tex e facilita o abastecimento. F\u00e1cil Manuten\u00e7\u00e3o e Limpeza.<\/p>\n<p><iframe loading=\"lazy\" width=\"560\" height=\"315\" src=\"https:\/\/www.youtube-nocookie.com\/embed\/Maj9n4fVKs0\" title=\"YouTube video player\" frameborder=\"0\" allow=\"accelerometer; autoplay; clipboard-write; encrypted-media; gyroscope; picture-in-picture\" allowfullscreen><\/iframe><\/p>\n<p>Medidas:<br \/>\nAltura: 265mm<br \/>\nLargura: 147mm<br \/>\nProfundidade: 96mm<\/p>\n<p>Instala\u00e7\u00e3o:<br \/>\nBuchas e parafusos (inclu\u00eddos)<br \/>\nFita dupla-face (n\u00e3o inclu\u00edda)<br \/>\nSistema de Abertura e Fechamento com chave.<br \/>\nF\u00e1cil Manuten\u00e7\u00e3o e Limpeza.<\/p>\n","protected":false},"featured_media":6330,"template":"","meta":[],"product_brand":[],"product_cat":[22],"product_tag":[83,91,95],"class_list":{"0":"post-447","1":"product","2":"type-product","3":"status-publish","4":"has-post-thumbnail","6":"product_cat-banheiro","7":"product_tag-banheiro","8":"product_tag-dispenser","9":"product_tag-saboneteira","11":"first","12":"instock","13":"shipping-taxable","14":"purchasable","15":"product-type-simple"},"jetpack_sharing_enabled":true,"_links":{"self":[{"href":"https:\/\/assulba.com.br\/index.php?rest_route=\/wp\/v2\/product\/447","targetHints":{"allow":["GET"]}}],"collection":[{"href":"https:\/\/assulba.com.br\/index.php?rest_route=\/wp\/v2\/product"}],"about":[{"href":"https:\/\/assulba.com.br\/index.php?rest_route=\/wp\/v2\/types\/product"}],"wp:featuredmedia":[{"embeddable":true,"href":"https:\/\/assulba.com.br\/index.php?rest_route=\/wp\/v2\/media\/6330"}],"wp:attachment":[{"href":"https:\/\/assulba.com.br\/index.php?rest_route=%2Fwp%2Fv2%2Fmedia&parent=447"}],"wp:term":[{"taxonomy":"product_brand","embeddable":true,"href":"https:\/\/assulba.com.br\/index.php?rest_route=%2Fwp%2Fv2%2Fproduct_brand&post=447"},{"taxonomy":"product_cat","embeddable":true,"href":"https:\/\/assulba.com.br\/index.php?rest_route=%2Fwp%2Fv2%2Fproduct_cat&post=447"},{"taxonomy":"product_tag","embeddable":true,"href":"https:\/\/assulba.com.br\/index.php?rest_route=%2Fwp%2Fv2%2Fproduct_tag&post=447"}],"curies":[{"name":"wp","href":"https:\/\/api.w.org\/{rel}","templated":true}]}}