{"id":438,"date":"2017-11-13T18:06:42","date_gmt":"2017-11-13T21:06:42","guid":{"rendered":"http:\/\/assulba.com.br\/?post_type=product&#038;p=438"},"modified":"2024-03-17T01:03:12","modified_gmt":"2024-03-17T04:03:12","slug":"conjunto-cesto-seletivo-12-e-24-litros","status":"publish","type":"product","link":"https:\/\/assulba.com.br\/?product=conjunto-cesto-seletivo-12-e-24-litros","title":{"rendered":"CONJUNTO COM 4 CESTOS SELETIVOS ACRIMET"},"content":{"rendered":"","protected":false},"excerpt":{"rendered":"<p>Conjunto com 4 cestos sem tampa para coleta seletiva, dispon\u00edvel em dois tamanhos: 12L e 24L. Os cestos possuem \u00f3timo acabamento e cores (vermelho, verde, azul, amarelo) que juntas formam um visual atraente. Ideal para uso em escrit\u00f3rios, \u00e1reas de lazer e para resid\u00eancias. Fabricado em polipropileno.<\/p>\n<p><strong>OP\u00c7\u00d5ES DE TAMANHO<\/strong><br \/>\n12 litros<br \/>\n24 litros<\/p>\n","protected":false},"featured_media":4887,"template":"","meta":[],"product_brand":[],"product_cat":[21,317],"product_tag":[71,70],"class_list":{"0":"post-438","1":"product","2":"type-product","3":"status-publish","4":"has-post-thumbnail","6":"product_cat-cat_lixeiras","7":"product_cat-cat_demaislixeiras","8":"product_tag-coleta-seletiva","9":"product_tag-lixeiras","11":"first","12":"instock","13":"shipping-taxable","14":"purchasable","15":"product-type-variable"},"jetpack_sharing_enabled":true,"_links":{"self":[{"href":"https:\/\/assulba.com.br\/index.php?rest_route=\/wp\/v2\/product\/438","targetHints":{"allow":["GET"]}}],"collection":[{"href":"https:\/\/assulba.com.br\/index.php?rest_route=\/wp\/v2\/product"}],"about":[{"href":"https:\/\/assulba.com.br\/index.php?rest_route=\/wp\/v2\/types\/product"}],"wp:featuredmedia":[{"embeddable":true,"href":"https:\/\/assulba.com.br\/index.php?rest_route=\/wp\/v2\/media\/4887"}],"wp:attachment":[{"href":"https:\/\/assulba.com.br\/index.php?rest_route=%2Fwp%2Fv2%2Fmedia&parent=438"}],"wp:term":[{"taxonomy":"product_brand","embeddable":true,"href":"https:\/\/assulba.com.br\/index.php?rest_route=%2Fwp%2Fv2%2Fproduct_brand&post=438"},{"taxonomy":"product_cat","embeddable":true,"href":"https:\/\/assulba.com.br\/index.php?rest_route=%2Fwp%2Fv2%2Fproduct_cat&post=438"},{"taxonomy":"product_tag","embeddable":true,"href":"https:\/\/assulba.com.br\/index.php?rest_route=%2Fwp%2Fv2%2Fproduct_tag&post=438"}],"curies":[{"name":"wp","href":"https:\/\/api.w.org\/{rel}","templated":true}]}}