{"id":431,"date":"2017-11-13T17:58:54","date_gmt":"2017-11-13T20:58:54","guid":{"rendered":"http:\/\/assulba.com.br\/?post_type=product&#038;p=431"},"modified":"2024-03-17T01:03:13","modified_gmt":"2024-03-17T04:03:13","slug":"escadas-de-aluminio-articulada-10-posicoes","status":"publish","type":"product","link":"https:\/\/assulba.com.br\/?product=escadas-de-aluminio-articulada-10-posicoes","title":{"rendered":"Escadas de alum\u00ednio articuladas SBA"},"content":{"rendered":"","protected":false},"excerpt":{"rendered":"<p>Escadas de alum\u00ednio de alta qualidade e tecnologia, com modernas t\u00e9cnicas de produ\u00e7\u00e3o e controle de qualidade, com 12 ou 16 degraus. Escada de acordo com a Norma Europ\u00e9ia EN-131; Pr\u00e1tico sistema de articula\u00e7\u00e3o, catracas com excelente qualidade, travamento autom\u00e1tico na extens\u00e3o; Fechada ocupa pouco espa\u00e7o e \u00e9 muito f\u00e1cil de transportar; 10 maneiras de uso; Suporta at\u00e9 150kg; Sapatas 100% de borracha; Garantia de 3 anos.<\/p>\n<p><strong>OP\u00c7\u00d5ES DE TAMANHOS<\/strong><br \/>\n<strong>Degraus: 12<\/strong> (3x3x3x3). Altura toda Esticada: 3,84m. Altura 3\/4 Esticada: 2,76m. Altura 1\/2 Esticada: 1,92m .Altura 1\/4 Esticada: 1,00m. Dimens\u00e3o Fechada: 1,00&#215;0,57&#215;0,28m. Peso: 10,4kg<br \/>\n<strong>Degraus: 16<\/strong> (4x4x4x4). Altura toda Esticada: 4,43m. Altura 3\/4 Esticada: 3,34m. Altura 1\/2 Esticada: 2,24m. Altura 1\/4 Esticada: 1,15m. Dimens\u00e3o Fechada: 1,30&#215;0,57&#215;0,28m. Peso: 11,8kg<\/p>\n","protected":false},"featured_media":4436,"template":"","meta":[],"product_brand":[],"product_cat":[312],"product_tag":[114,113],"class_list":{"0":"post-431","1":"product","2":"type-product","3":"status-publish","4":"has-post-thumbnail","6":"product_cat-cat-reparos","7":"product_tag-aluminio","8":"product_tag-escadas","10":"first","11":"instock","12":"shipping-taxable","13":"purchasable","14":"product-type-variable"},"jetpack_sharing_enabled":true,"_links":{"self":[{"href":"https:\/\/assulba.com.br\/index.php?rest_route=\/wp\/v2\/product\/431","targetHints":{"allow":["GET"]}}],"collection":[{"href":"https:\/\/assulba.com.br\/index.php?rest_route=\/wp\/v2\/product"}],"about":[{"href":"https:\/\/assulba.com.br\/index.php?rest_route=\/wp\/v2\/types\/product"}],"wp:featuredmedia":[{"embeddable":true,"href":"https:\/\/assulba.com.br\/index.php?rest_route=\/wp\/v2\/media\/4436"}],"wp:attachment":[{"href":"https:\/\/assulba.com.br\/index.php?rest_route=%2Fwp%2Fv2%2Fmedia&parent=431"}],"wp:term":[{"taxonomy":"product_brand","embeddable":true,"href":"https:\/\/assulba.com.br\/index.php?rest_route=%2Fwp%2Fv2%2Fproduct_brand&post=431"},{"taxonomy":"product_cat","embeddable":true,"href":"https:\/\/assulba.com.br\/index.php?rest_route=%2Fwp%2Fv2%2Fproduct_cat&post=431"},{"taxonomy":"product_tag","embeddable":true,"href":"https:\/\/assulba.com.br\/index.php?rest_route=%2Fwp%2Fv2%2Fproduct_tag&post=431"}],"curies":[{"name":"wp","href":"https:\/\/api.w.org\/{rel}","templated":true}]}}