{"id":428,"date":"2017-11-13T17:55:28","date_gmt":"2017-11-13T20:55:28","guid":{"rendered":"http:\/\/assulba.com.br\/?post_type=product&#038;p=428"},"modified":"2024-03-17T01:03:13","modified_gmt":"2024-03-17T04:03:13","slug":"refil-avanti-para-purificador-de-agua","status":"publish","type":"product","link":"https:\/\/assulba.com.br\/?product=refil-avanti-para-purificador-de-agua","title":{"rendered":"Purificador \u00e1gua refil Avanti IBBL"},"content":{"rendered":"","protected":false},"excerpt":{"rendered":"<p>REF. 0264<\/p>\n<p>REFIL AVANTI IBBL<br \/>\nO Refil Girou Trocou Avanti possui o Sistema de tripla filtra\u00e7\u00e3o: ret\u00e9m part\u00edculas e areia, barro, sedimentos e reduz o cloro existente na \u00e1gua. Promovendo controle do n\u00edvel microbiol\u00f3gico. Pr\u00e1tico sistema refil GIROU TROCOU garante ao usu\u00e1rio uma f\u00e1cil substitui\u00e7\u00e3o do refil.Este refil \u00e9 exclusivo para os PURIFICADORES DE \u00c1GUA NATURAL MIO e AVANTI.<\/p>\n<p>PRODUTOS COMPAT\u00cdVEIS: Avanti e Mio<br \/>\nVida \u00fatil 2.000 L ou at\u00e9 6 meses<br \/>\n3 Etapas de filtragem<br \/>\nEfici\u00eancia de redu\u00e7\u00e3o de cloro<br \/>\nBacteriost\u00e1tico: controla a prolifera\u00e7\u00e3o de bact\u00e9rias<br \/>\nElimina odores<br \/>\nElimina sabores<br \/>\nTroque sem fechar o registro<\/p>\n","protected":false},"featured_media":4462,"template":"","meta":[],"product_brand":[],"product_cat":[303],"product_tag":[98,29,32,112],"class_list":{"0":"post-428","1":"product","2":"type-product","3":"status-publish","4":"has-post-thumbnail","6":"product_cat-servico-espera","7":"product_tag-agua","8":"product_tag-ibbl","9":"product_tag-purificador","10":"product_tag-refis","12":"first","13":"instock","14":"shipping-taxable","15":"purchasable","16":"product-type-simple"},"jetpack_sharing_enabled":true,"_links":{"self":[{"href":"https:\/\/assulba.com.br\/index.php?rest_route=\/wp\/v2\/product\/428","targetHints":{"allow":["GET"]}}],"collection":[{"href":"https:\/\/assulba.com.br\/index.php?rest_route=\/wp\/v2\/product"}],"about":[{"href":"https:\/\/assulba.com.br\/index.php?rest_route=\/wp\/v2\/types\/product"}],"wp:featuredmedia":[{"embeddable":true,"href":"https:\/\/assulba.com.br\/index.php?rest_route=\/wp\/v2\/media\/4462"}],"wp:attachment":[{"href":"https:\/\/assulba.com.br\/index.php?rest_route=%2Fwp%2Fv2%2Fmedia&parent=428"}],"wp:term":[{"taxonomy":"product_brand","embeddable":true,"href":"https:\/\/assulba.com.br\/index.php?rest_route=%2Fwp%2Fv2%2Fproduct_brand&post=428"},{"taxonomy":"product_cat","embeddable":true,"href":"https:\/\/assulba.com.br\/index.php?rest_route=%2Fwp%2Fv2%2Fproduct_cat&post=428"},{"taxonomy":"product_tag","embeddable":true,"href":"https:\/\/assulba.com.br\/index.php?rest_route=%2Fwp%2Fv2%2Fproduct_tag&post=428"}],"curies":[{"name":"wp","href":"https:\/\/api.w.org\/{rel}","templated":true}]}}