{"id":425,"date":"2017-11-13T19:26:54","date_gmt":"2017-11-13T22:26:54","guid":{"rendered":"http:\/\/assulba.com.br\/?post_type=product&#038;p=425"},"modified":"2024-03-17T01:02:30","modified_gmt":"2024-03-17T04:02:30","slug":"carro-doblo","status":"publish","type":"product","link":"https:\/\/assulba.com.br\/?product=carro-doblo","title":{"rendered":"Conj Balde Espremedor Dobl\u00f4 50L Bralimpia"},"content":{"rendered":"","protected":false},"excerpt":{"rendered":"<p>REF. 6561<\/p>\n<p>Conjunto de dois baldes com capacidade para 25L cada,com cavalete e espremedor para limpeza de pisos frios em geral.<\/p>\n<p>\u2022 Estrutura em polipropileno injetado.<br \/>\n\u2022 2 baldes com capacidade para 25 litros cada.<br \/>\n\u2022 Rod\u00edzios projetados para facilitar a manuten\u00e7\u00e3o e higieniza\u00e7\u00e3o.<br \/>\n\u2022 Sistema de espremedor com press\u00e3o superior.<br \/>\n\u2022 Clip de fixa\u00e7\u00e3o para haste.<br \/>\n\u2022 Al\u00e7a em a\u00e7o tubular com pintura eletrost\u00e1tica.<br \/>\n\u2022 Pode usar mop plano\/vertical (opcional).<\/p>\n<table style=\"height: 0px;\" width=\"0\">\n<tbody>\n<tr>\n<td style=\"text-align: left;\" width=\"123\">Descri\u00e7\u00e3o<\/td>\n<td style=\"text-align: center;\" width=\"66\">Comp.<\/td>\n<td style=\"text-align: center;\" width=\"66\">Largura<\/td>\n<td style=\"text-align: center;\" width=\"47\">Altura<\/td>\n<td style=\"text-align: center;\" width=\"57\">Embalagem<\/td>\n<td style=\"text-align: center;\" width=\"66\">Peso<\/td>\n<\/tr>\n<tr>\n<td style=\"text-align: left;\" width=\"123\">Conjunto<\/td>\n<td style=\"text-align: center;\" width=\"66\">80 cm<\/td>\n<td style=\"text-align: center;\" width=\"66\">\u00a040cm<\/td>\n<td style=\"text-align: center;\" width=\"47\">50cm<\/td>\n<td style=\"text-align: center;\" width=\"57\">Conj.<\/td>\n<td style=\"text-align: center;\" width=\"66\">9,400Kg<\/td>\n<\/tr>\n<\/tbody>\n<\/table>\n<div><\/div>\n<div class=\"vc_row wpb_row vc_row-fluid vc_custom_1458590592718\">\n<div class=\"wpb_column vc_column_container vc_col-sm-6\">\n<div class=\"vc_column-inner \">\n<div class=\"wpb_wrapper\">\n<div class=\"vc_tta-container\" data-vc-action=\"collapse\">\n<div class=\"vc_general vc_tta vc_tta-tabs vc_tta-o-shape-group vc_tta-tabs-position-top \">\n<div class=\"vc_tta-panels-container\">\n<div class=\"vc_tta-panels\">\n<div id=\"1458228299852-90634618-e399\" class=\"vc_tta-panel vc_active\" data-vc-content=\".vc_tta-panel-body\">\n<div class=\"vc_tta-panel-body\">\n<div class=\"wpb_text_column wpb_content_element \">\n<div class=\"wpb_wrapper\">\n<table style=\"height: 0px;\" width=\"0\">\n<tbody>\n<tr>\n<td style=\"text-align: left;\" width=\"123\">Descri\u00e7\u00e3o Itens<\/td>\n<td style=\"text-align: center;\" width=\"66\">Comp.<\/td>\n<td style=\"text-align: center;\" width=\"66\">Largura<\/td>\n<td style=\"text-align: center;\" width=\"47\">Altura<\/td>\n<td style=\"text-align: center;\" width=\"57\">Embalagem<\/td>\n<td style=\"text-align: center;\" width=\"66\">Peso<\/td>\n<td style=\"text-align: center;\" width=\"57\"><\/td>\n<\/tr>\n<tr>\n<td style=\"text-align: left;\" width=\"123\">Balde Azul 25 L<\/td>\n<td style=\"text-align: center;\" width=\"66\">37 cm<\/td>\n<td style=\"text-align: center;\" width=\"66\">37 cm<\/td>\n<td style=\"text-align: center;\" width=\"47\">33 cm<\/td>\n<td style=\"text-align: center;\" width=\"57\">1 unid.<\/td>\n<td style=\"text-align: center;\" width=\"66\">1,200\u00a0 kg<\/td>\n<td width=\"57\"><\/td>\n<\/tr>\n<tr>\n<td style=\"text-align: left;\" width=\"123\">Balde Verm 25 L<\/td>\n<td style=\"text-align: center;\" width=\"66\">37 cm<\/td>\n<td style=\"text-align: center;\" width=\"66\">37 cm<\/td>\n<td style=\"text-align: center;\" width=\"47\">33 cm<\/td>\n<td style=\"text-align: center;\" width=\"57\">1 unid.<\/td>\n<td style=\"text-align: center;\" width=\"66\">1,200\u00a0kg<\/td>\n<td width=\"57\"><\/td>\n<\/tr>\n<tr>\n<td style=\"text-align: left;\" width=\"123\">Espremedor<\/td>\n<td style=\"text-align: center;\" width=\"66\">23 cm<\/td>\n<td style=\"text-align: center;\" width=\"66\">28 cm<\/td>\n<td style=\"text-align: center;\" width=\"47\">36 cm<\/td>\n<td style=\"text-align: center;\" width=\"57\">1 unid.<\/td>\n<td style=\"text-align: center;\" width=\"66\">2,900\u00a0kg<\/td>\n<td width=\"57\"><\/td>\n<\/tr>\n<tr>\n<td style=\"text-align: left;\" width=\"123\">Carrinho 50L<\/td>\n<td style=\"text-align: center;\" width=\"66\">70 cm<\/td>\n<td style=\"text-align: center;\" width=\"66\">35 cm<\/td>\n<td style=\"text-align: center;\" width=\"47\">90 cm<\/td>\n<td style=\"text-align: center;\" width=\"57\">1 unid.<\/td>\n<td style=\"text-align: center;\" width=\"66\">4,100\u00a0kg<\/td>\n<td style=\"text-align: center;\" width=\"57\"><\/td>\n<\/tr>\n<\/tbody>\n<\/table>\n<\/div>\n<\/div>\n<\/div>\n<\/div>\n<div id=\"1458573806081-b062d59d-1a7b\" class=\"vc_tta-panel\" data-vc-content=\".vc_tta-panel-body\"><\/div>\n<\/div>\n<\/div>\n<\/div>\n<\/div>\n<\/div>\n<\/div>\n<\/div>\n<\/div>\n","protected":false},"featured_media":8768,"template":"","meta":[],"product_brand":[],"product_cat":[135,311],"product_tag":[108,131,27,110],"class_list":{"0":"post-425","1":"product","2":"type-product","3":"status-publish","4":"has-post-thumbnail","6":"product_cat-cat_limpeza","7":"product_cat-cat_baldes_e_carros","8":"product_tag-balde","9":"product_tag-bralimpia","10":"product_tag-limpeza","11":"product_tag-mops","13":"first","14":"instock","15":"shipping-taxable","16":"purchasable","17":"product-type-simple"},"jetpack_sharing_enabled":true,"_links":{"self":[{"href":"https:\/\/assulba.com.br\/index.php?rest_route=\/wp\/v2\/product\/425","targetHints":{"allow":["GET"]}}],"collection":[{"href":"https:\/\/assulba.com.br\/index.php?rest_route=\/wp\/v2\/product"}],"about":[{"href":"https:\/\/assulba.com.br\/index.php?rest_route=\/wp\/v2\/types\/product"}],"wp:featuredmedia":[{"embeddable":true,"href":"https:\/\/assulba.com.br\/index.php?rest_route=\/wp\/v2\/media\/8768"}],"wp:attachment":[{"href":"https:\/\/assulba.com.br\/index.php?rest_route=%2Fwp%2Fv2%2Fmedia&parent=425"}],"wp:term":[{"taxonomy":"product_brand","embeddable":true,"href":"https:\/\/assulba.com.br\/index.php?rest_route=%2Fwp%2Fv2%2Fproduct_brand&post=425"},{"taxonomy":"product_cat","embeddable":true,"href":"https:\/\/assulba.com.br\/index.php?rest_route=%2Fwp%2Fv2%2Fproduct_cat&post=425"},{"taxonomy":"product_tag","embeddable":true,"href":"https:\/\/assulba.com.br\/index.php?rest_route=%2Fwp%2Fv2%2Fproduct_tag&post=425"}],"curies":[{"name":"wp","href":"https:\/\/api.w.org\/{rel}","templated":true}]}}