{"id":424,"date":"2017-11-13T17:49:54","date_gmt":"2017-11-13T20:49:54","guid":{"rendered":"http:\/\/assulba.com.br\/?post_type=product&#038;p=424"},"modified":"2024-03-17T01:03:13","modified_gmt":"2024-03-17T04:03:13","slug":"contentor-de-lixo","status":"publish","type":"product","link":"https:\/\/assulba.com.br\/?product=contentor-de-lixo","title":{"rendered":"CONTENTOR JSN 240L EM PEAD E RODAS GRANDES SCHIOPPA"},"content":{"rendered":"","protected":false},"excerpt":{"rendered":"<p>Contentor 240 litros JSN e rodas grandes Schioppa (300mm). Produzido em pl\u00e1stico virgem injetado (PEAD &#8211; Polietileno de Alta Densidade), com prote\u00e7\u00e3o UV. Suas rodas ficam encaixadas nas laterais do contentor, facilitado a locomo\u00e7\u00e3o. Dimens\u00f5es (AxLxP): 106cm x\u00a057cm x 72cm. Suporta at\u00e9 96 Kg de carga.<\/p>\n<p>Dispon\u00edvel nas cores:<br \/>\nAzul<br \/>\nVerde<br \/>\nLaranja<\/p>\n","protected":false},"featured_media":9033,"template":"","meta":[],"product_brand":[],"product_cat":[21,315],"product_tag":[76],"class_list":{"0":"post-424","1":"product","2":"type-product","3":"status-publish","4":"has-post-thumbnail","6":"product_cat-cat_lixeiras","7":"product_cat-cat_contentores","8":"product_tag-contentor","10":"first","11":"instock","12":"shipping-taxable","13":"purchasable","14":"product-type-variable"},"jetpack_sharing_enabled":true,"_links":{"self":[{"href":"https:\/\/assulba.com.br\/index.php?rest_route=\/wp\/v2\/product\/424","targetHints":{"allow":["GET"]}}],"collection":[{"href":"https:\/\/assulba.com.br\/index.php?rest_route=\/wp\/v2\/product"}],"about":[{"href":"https:\/\/assulba.com.br\/index.php?rest_route=\/wp\/v2\/types\/product"}],"wp:featuredmedia":[{"embeddable":true,"href":"https:\/\/assulba.com.br\/index.php?rest_route=\/wp\/v2\/media\/9033"}],"wp:attachment":[{"href":"https:\/\/assulba.com.br\/index.php?rest_route=%2Fwp%2Fv2%2Fmedia&parent=424"}],"wp:term":[{"taxonomy":"product_brand","embeddable":true,"href":"https:\/\/assulba.com.br\/index.php?rest_route=%2Fwp%2Fv2%2Fproduct_brand&post=424"},{"taxonomy":"product_cat","embeddable":true,"href":"https:\/\/assulba.com.br\/index.php?rest_route=%2Fwp%2Fv2%2Fproduct_cat&post=424"},{"taxonomy":"product_tag","embeddable":true,"href":"https:\/\/assulba.com.br\/index.php?rest_route=%2Fwp%2Fv2%2Fproduct_tag&post=424"}],"curies":[{"name":"wp","href":"https:\/\/api.w.org\/{rel}","templated":true}]}}