{"id":423,"date":"2017-11-13T17:45:54","date_gmt":"2017-11-13T17:45:54","guid":{"rendered":"http:\/\/assulba.com.br\/?post_type=product&#038;p=423"},"modified":"2024-03-17T01:03:13","modified_gmt":"2024-03-17T04:03:13","slug":"dispenser-de-papel-higienico-30-300-e-600m","status":"publish","type":"product","link":"https:\/\/assulba.com.br\/?product=dispenser-de-papel-higienico-30-300-e-600m","title":{"rendered":"Dispenser rolo de papel higi\u00eanico Trilha"},"content":{"rendered":"","protected":false},"excerpt":{"rendered":"<p>REF. 1609 \/ REF. 1663<\/p>\n<p>Dispenser Papel Higi\u00eanico<\/p>\n<p>F\u00e1cil instala\u00e7\u00e3o.<\/p>\n<p>Papel: Rol\u00e3o de 300 at\u00e9 600 metros.<\/p>\n<p>Cor: Branco.<\/p>\n","protected":false},"featured_media":4774,"template":"","meta":[],"product_brand":[],"product_cat":[22],"product_tag":[83,91],"class_list":{"0":"post-423","1":"product","2":"type-product","3":"status-publish","4":"has-post-thumbnail","6":"product_cat-banheiro","7":"product_tag-banheiro","8":"product_tag-dispenser","10":"first","11":"instock","12":"shipping-taxable","13":"purchasable","14":"product-type-simple"},"jetpack_sharing_enabled":true,"_links":{"self":[{"href":"https:\/\/assulba.com.br\/index.php?rest_route=\/wp\/v2\/product\/423","targetHints":{"allow":["GET"]}}],"collection":[{"href":"https:\/\/assulba.com.br\/index.php?rest_route=\/wp\/v2\/product"}],"about":[{"href":"https:\/\/assulba.com.br\/index.php?rest_route=\/wp\/v2\/types\/product"}],"wp:featuredmedia":[{"embeddable":true,"href":"https:\/\/assulba.com.br\/index.php?rest_route=\/wp\/v2\/media\/4774"}],"wp:attachment":[{"href":"https:\/\/assulba.com.br\/index.php?rest_route=%2Fwp%2Fv2%2Fmedia&parent=423"}],"wp:term":[{"taxonomy":"product_brand","embeddable":true,"href":"https:\/\/assulba.com.br\/index.php?rest_route=%2Fwp%2Fv2%2Fproduct_brand&post=423"},{"taxonomy":"product_cat","embeddable":true,"href":"https:\/\/assulba.com.br\/index.php?rest_route=%2Fwp%2Fv2%2Fproduct_cat&post=423"},{"taxonomy":"product_tag","embeddable":true,"href":"https:\/\/assulba.com.br\/index.php?rest_route=%2Fwp%2Fv2%2Fproduct_tag&post=423"}],"curies":[{"name":"wp","href":"https:\/\/api.w.org\/{rel}","templated":true}]}}