{"id":3450,"date":"2019-05-26T14:53:02","date_gmt":"2019-05-26T17:53:02","guid":{"rendered":"https:\/\/www.assulba.com.br\/?post_type=product&#038;p=3450"},"modified":"2024-03-17T01:01:55","modified_gmt":"2024-03-17T04:01:55","slug":"aspersor-circular-pontalete-tramontina","status":"publish","type":"product","link":"https:\/\/assulba.com.br\/?product=aspersor-circular-pontalete-tramontina","title":{"rendered":"Aspersor circular pontalete Tramontina"},"content":{"rendered":"","protected":false},"excerpt":{"rendered":"<p>&#8211; Produto fabricado com mat\u00e9ria-prima de alta qualidade proporcionando uma irriga\u00e7\u00e3o precisa e confi\u00e1vel.<br \/>\n&#8211; Equipado com 3 bra\u00e7os rotativos em pl\u00e1stico, com terminais ajust\u00e1veis para direcionar o jato d?\u00e1gua.<br \/>\n&#8211; Com base de apoio e pontalete para fixa\u00e7\u00e3o no terreno.<br \/>\n&#8211; Tem uma \u00e1rea de cobertura de at\u00e9 300 m\u00b2 ou di\u00e2metro de alcance do jato d&#8217;\u00e1gua de at\u00e9 19,6 m &#8211; a uma press\u00e3o de 4 bar.<br \/>\n&#8211; O aspersor \u00e9 conectado em mangueiras de 1\/2&#8243;, 5\/8&#8243; e 3\/4&#8243; atrav\u00e9s de sistema de engate r\u00e1pido.<br \/>\n&#8211; Sistema intercambi\u00e1vel que se adapta a todo o sistema de irriga\u00e7\u00e3o.<br \/>\n&#8211; Produto comercializado em blister\/cartela.<\/p>\n","protected":false},"featured_media":3451,"template":"","meta":[],"product_brand":[],"product_cat":[313],"product_tag":[98,47,35,39,132],"class_list":{"0":"post-3450","1":"product","2":"type-product","3":"status-publish","4":"has-post-thumbnail","6":"product_cat-cat_jardinagem","7":"product_tag-agua","8":"product_tag-grama","9":"product_tag-jardim","10":"product_tag-mangueira","11":"product_tag-tramontina","13":"first","14":"instock","15":"shipping-taxable","16":"purchasable","17":"product-type-simple"},"jetpack_sharing_enabled":true,"_links":{"self":[{"href":"https:\/\/assulba.com.br\/index.php?rest_route=\/wp\/v2\/product\/3450","targetHints":{"allow":["GET"]}}],"collection":[{"href":"https:\/\/assulba.com.br\/index.php?rest_route=\/wp\/v2\/product"}],"about":[{"href":"https:\/\/assulba.com.br\/index.php?rest_route=\/wp\/v2\/types\/product"}],"wp:featuredmedia":[{"embeddable":true,"href":"https:\/\/assulba.com.br\/index.php?rest_route=\/wp\/v2\/media\/3451"}],"wp:attachment":[{"href":"https:\/\/assulba.com.br\/index.php?rest_route=%2Fwp%2Fv2%2Fmedia&parent=3450"}],"wp:term":[{"taxonomy":"product_brand","embeddable":true,"href":"https:\/\/assulba.com.br\/index.php?rest_route=%2Fwp%2Fv2%2Fproduct_brand&post=3450"},{"taxonomy":"product_cat","embeddable":true,"href":"https:\/\/assulba.com.br\/index.php?rest_route=%2Fwp%2Fv2%2Fproduct_cat&post=3450"},{"taxonomy":"product_tag","embeddable":true,"href":"https:\/\/assulba.com.br\/index.php?rest_route=%2Fwp%2Fv2%2Fproduct_tag&post=3450"}],"curies":[{"name":"wp","href":"https:\/\/api.w.org\/{rel}","templated":true}]}}