{"id":3226,"date":"2019-03-30T20:32:14","date_gmt":"2019-03-30T23:32:14","guid":{"rendered":"http:\/\/assulba.com.br\/?post_type=product&#038;p=3226"},"modified":"2024-03-17T01:01:55","modified_gmt":"2024-03-17T04:01:55","slug":"jogo-de-bits-ponteiras-com-38pcs-bp209-vonder","status":"publish","type":"product","link":"https:\/\/assulba.com.br\/?product=jogo-de-bits-ponteiras-com-38pcs-bp209-vonder","title":{"rendered":"JOGO DE BITS\/PONTEIRAS COM 38PCS BP209 VONDER"},"content":{"rendered":"","protected":false},"excerpt":{"rendered":"<p>REF 5016<\/p>\n<p>Jogo de bits\/ponteiras, composto por um estojo pl\u00e1stico com 38 pe\u00e7as, sendo: 1 cabo adaptador encaixe 1\/4&#8243; com catraca revers\u00edvel, 1 adaptador encaixe quadrado 1\/4&#8243; e sextavado 1\/4&#8243;, 8 fenda (4 mm, 5 mm, 5,5 mm e 6 mm (2 pe\u00e7as cada)), 10 phillips (n\u00b0 0 (3 pe\u00e7as), n\u00b0 1 (4 pe\u00e7as) e n\u00b0 2 (3 pe\u00e7as)), 10 hexalobular (T10, T15, T20, T25 e T30 (2 pe\u00e7as cada)) e 8 allen (4 mm (3 pe\u00e7as), 5 mm (3 pe\u00e7as) e 6 mm (2 pe\u00e7as))<br \/>\nIndicado para fixar e soltar parafusos em geral<br \/>\nProduzido em a\u00e7o cromo van\u00e1dio, proporcionando maior resist\u00eancia e durabilidade. Possui acabamento fosfatizado que aumenta a prote\u00e7\u00e3o contra oxida\u00e7\u00e3o\/corros\u00e3o.<\/p>\n<p>Material do Bits ponteira:<br \/>\nA\u00e7o cromo van\u00e1dio<\/p>\n<p>Acabamento do Bits:<br \/>\nFosfatizado<\/p>\n<p>Tipo do encaixe do bits:<br \/>\nSextavado &#8211; 1\/4&#8243;<\/p>\n<p>Comprimento total do bits\/ponteira:<br \/>\n25 mm<\/p>\n<p>Garantia &#8211; E (CDC):<br \/>\nGarantia legal: 90 dias<\/p>\n","protected":false},"featured_media":3227,"template":"","meta":[],"product_brand":[],"product_cat":[312],"product_tag":[34],"class_list":{"0":"post-3226","1":"product","2":"type-product","3":"status-publish","4":"has-post-thumbnail","6":"product_cat-cat-reparos","7":"product_tag-ferramenta","9":"first","10":"instock","11":"shipping-taxable","12":"purchasable","13":"product-type-simple"},"jetpack_sharing_enabled":true,"_links":{"self":[{"href":"https:\/\/assulba.com.br\/index.php?rest_route=\/wp\/v2\/product\/3226","targetHints":{"allow":["GET"]}}],"collection":[{"href":"https:\/\/assulba.com.br\/index.php?rest_route=\/wp\/v2\/product"}],"about":[{"href":"https:\/\/assulba.com.br\/index.php?rest_route=\/wp\/v2\/types\/product"}],"wp:featuredmedia":[{"embeddable":true,"href":"https:\/\/assulba.com.br\/index.php?rest_route=\/wp\/v2\/media\/3227"}],"wp:attachment":[{"href":"https:\/\/assulba.com.br\/index.php?rest_route=%2Fwp%2Fv2%2Fmedia&parent=3226"}],"wp:term":[{"taxonomy":"product_brand","embeddable":true,"href":"https:\/\/assulba.com.br\/index.php?rest_route=%2Fwp%2Fv2%2Fproduct_brand&post=3226"},{"taxonomy":"product_cat","embeddable":true,"href":"https:\/\/assulba.com.br\/index.php?rest_route=%2Fwp%2Fv2%2Fproduct_cat&post=3226"},{"taxonomy":"product_tag","embeddable":true,"href":"https:\/\/assulba.com.br\/index.php?rest_route=%2Fwp%2Fv2%2Fproduct_tag&post=3226"}],"curies":[{"name":"wp","href":"https:\/\/api.w.org\/{rel}","templated":true}]}}