{"id":3220,"date":"2019-03-30T20:05:22","date_gmt":"2019-03-30T23:05:22","guid":{"rendered":"http:\/\/assulba.com.br\/?post_type=product&#038;p=3220"},"modified":"2024-03-17T01:01:55","modified_gmt":"2024-03-17T04:01:55","slug":"vonder-nivel-de-aluminio-12-plus","status":"publish","type":"product","link":"https:\/\/assulba.com.br\/?product=vonder-nivel-de-aluminio-12-plus","title":{"rendered":"N\u00cdVEL DE ALUM\u00cdNIO 12&#8243; PLUS VONDER"},"content":{"rendered":"","protected":false},"excerpt":{"rendered":"<p>REF 5015<\/p>\n<p>N\u00edvel<br \/>\nIndicado para nivelar superf\u00edcies<br \/>\nPossui corpo em alum\u00ednio, conferindo maior leveza e 3 bolhas, sendo uma para nivelamento vertical, uma para nivelamento horizontal e uma para nivelamento 45\u00b0<\/p>\n<p>Comprimento do n\u00edvel:<br \/>\n12&#8243; &#8211; 304 mm<\/p>\n<p>Posi\u00e7\u00e3o das bolhas do n\u00edvel:<br \/>\n1 bolha vertical,1 bolha horizontal e 1 bolha inclinada 45\u00b0<\/p>\n<p>Altura do n\u00edvel:<br \/>\n50,0 mm<\/p>\n<p>Largura da base do n\u00edvel:<br \/>\n20,0 mm<\/p>\n<p>Garantia &#8211; E (CDC):<br \/>\nGarantia legal: 90 dias<\/p>\n","protected":false},"featured_media":3221,"template":"","meta":[],"product_brand":[],"product_cat":[312],"product_tag":[114,34],"class_list":{"0":"post-3220","1":"product","2":"type-product","3":"status-publish","4":"has-post-thumbnail","6":"product_cat-cat-reparos","7":"product_tag-aluminio","8":"product_tag-ferramenta","10":"first","11":"instock","12":"shipping-taxable","13":"purchasable","14":"product-type-simple"},"jetpack_sharing_enabled":true,"_links":{"self":[{"href":"https:\/\/assulba.com.br\/index.php?rest_route=\/wp\/v2\/product\/3220","targetHints":{"allow":["GET"]}}],"collection":[{"href":"https:\/\/assulba.com.br\/index.php?rest_route=\/wp\/v2\/product"}],"about":[{"href":"https:\/\/assulba.com.br\/index.php?rest_route=\/wp\/v2\/types\/product"}],"wp:featuredmedia":[{"embeddable":true,"href":"https:\/\/assulba.com.br\/index.php?rest_route=\/wp\/v2\/media\/3221"}],"wp:attachment":[{"href":"https:\/\/assulba.com.br\/index.php?rest_route=%2Fwp%2Fv2%2Fmedia&parent=3220"}],"wp:term":[{"taxonomy":"product_brand","embeddable":true,"href":"https:\/\/assulba.com.br\/index.php?rest_route=%2Fwp%2Fv2%2Fproduct_brand&post=3220"},{"taxonomy":"product_cat","embeddable":true,"href":"https:\/\/assulba.com.br\/index.php?rest_route=%2Fwp%2Fv2%2Fproduct_cat&post=3220"},{"taxonomy":"product_tag","embeddable":true,"href":"https:\/\/assulba.com.br\/index.php?rest_route=%2Fwp%2Fv2%2Fproduct_tag&post=3220"}],"curies":[{"name":"wp","href":"https:\/\/api.w.org\/{rel}","templated":true}]}}