{"id":3216,"date":"2019-03-30T19:26:07","date_gmt":"2019-03-30T22:26:07","guid":{"rendered":"http:\/\/assulba.com.br\/?post_type=product&#038;p=3216"},"modified":"2024-03-17T01:01:55","modified_gmt":"2024-03-17T04:01:55","slug":"furadeira-e-parafusadeira-3-8-280w-fpv300-vonder","status":"publish","type":"product","link":"https:\/\/assulba.com.br\/?product=furadeira-e-parafusadeira-3-8-280w-fpv300-vonder","title":{"rendered":"FURADEIRA E PARAFUSADEIRA 3\/8&#8243; 280W FPV300 VONDER"},"content":{"rendered":"","protected":false},"excerpt":{"rendered":"<p>REF 5024<\/p>\n<p>Furadeira\/parafusadeira.<br \/>\nIndicada para soltar e apertar parafusos e fazer furos em madeiras ou metais. N\u00e3o indicada para uso em concreto.<br \/>\nCompacta e pr\u00e1tica de usar. Possui regulagem de torque em 23 posi\u00e7\u00f5es, adequando-se \u00e0 necessidade de aperto de acordo com a dureza do material. Cabo com revestimento emborrachado para maior conforto do operador, al\u00e9m de dupla isola\u00e7\u00e3o, garantindo maior seguran\u00e7a. Possui ainda, mandril de aperto r\u00e1pido proporcionando troca r\u00e1pida do acess\u00f3rio utilizado.<\/p>\n","protected":false},"featured_media":3217,"template":"","meta":[],"product_brand":[],"product_cat":[312],"product_tag":[57,34],"class_list":{"0":"post-3216","1":"product","2":"type-product","3":"status-publish","4":"has-post-thumbnail","6":"product_cat-cat-reparos","7":"product_tag-eletrico","8":"product_tag-ferramenta","10":"first","11":"instock","12":"shipping-taxable","13":"purchasable","14":"product-type-simple"},"jetpack_sharing_enabled":true,"_links":{"self":[{"href":"https:\/\/assulba.com.br\/index.php?rest_route=\/wp\/v2\/product\/3216","targetHints":{"allow":["GET"]}}],"collection":[{"href":"https:\/\/assulba.com.br\/index.php?rest_route=\/wp\/v2\/product"}],"about":[{"href":"https:\/\/assulba.com.br\/index.php?rest_route=\/wp\/v2\/types\/product"}],"wp:featuredmedia":[{"embeddable":true,"href":"https:\/\/assulba.com.br\/index.php?rest_route=\/wp\/v2\/media\/3217"}],"wp:attachment":[{"href":"https:\/\/assulba.com.br\/index.php?rest_route=%2Fwp%2Fv2%2Fmedia&parent=3216"}],"wp:term":[{"taxonomy":"product_brand","embeddable":true,"href":"https:\/\/assulba.com.br\/index.php?rest_route=%2Fwp%2Fv2%2Fproduct_brand&post=3216"},{"taxonomy":"product_cat","embeddable":true,"href":"https:\/\/assulba.com.br\/index.php?rest_route=%2Fwp%2Fv2%2Fproduct_cat&post=3216"},{"taxonomy":"product_tag","embeddable":true,"href":"https:\/\/assulba.com.br\/index.php?rest_route=%2Fwp%2Fv2%2Fproduct_tag&post=3216"}],"curies":[{"name":"wp","href":"https:\/\/api.w.org\/{rel}","templated":true}]}}