{"id":3206,"date":"2019-03-29T21:14:31","date_gmt":"2019-03-30T00:14:31","guid":{"rendered":"http:\/\/assulba.com.br\/?post_type=product&#038;p=3206"},"modified":"2024-03-17T01:01:55","modified_gmt":"2024-03-17T04:01:55","slug":"lanterna-recarregavel-9-leds-bivolt","status":"publish","type":"product","link":"https:\/\/assulba.com.br\/?product=lanterna-recarregavel-9-leds-bivolt","title":{"rendered":"LANTERNA RECARREG\u00c1VEL 9 LEDS BIVOLT VONDER"},"content":{"rendered":"","protected":false},"excerpt":{"rendered":"<p>REF 5030<\/p>\n<p>Lanterna<br \/>\nIndicada para ilumina\u00e7\u00e3o em geral. Utilizada em camping, resid\u00eancias, entre outros.<br \/>\nLanterna recarreg\u00e1vel com alimenta\u00e7\u00e3o bivolt autom\u00e1tico 100 V~ &#8211; 240 V~<\/p>\n<p>Quantidade de LEDs da lanterna:<br \/>\n9 Leds<\/p>\n<p>Tens\u00e3o (V):<br \/>\n100 V~ &#8211; 240 V ~ bivolt autom\u00e1tico<\/p>\n<p>Material da lanterna:<br \/>\nPl\u00e1stico ABS<\/p>\n<p>Cor da lanterna:<br \/>\nPreta<\/p>\n<p>Di\u00e2metro da lente da lanterna:<br \/>\n57,5 mm<\/p>\n<p>Comprimento total da lanterna:<br \/>\n220 mm<\/p>\n<p>Tempo de carga:<br \/>\n12 hrs<\/p>\n<p>Autonomia aproximada:<br \/>\n5 leds: 12 h &#8211; 9 leds: 8 h<\/p>\n<p>Fluxo luminoso (l\u00famens):<br \/>\n54 lm<\/p>\n<p>Alcance:<br \/>\n70 metros<\/p>\n<p>Garantia &#8211; E (CDC):<br \/>\nGarantia legal: 90 dias + Garantia contratual: 9 meses<\/p>\n","protected":false},"featured_media":3207,"template":"","meta":[],"product_brand":[],"product_cat":[160,138],"product_tag":[57,125,126,127],"class_list":{"0":"post-3206","1":"product","2":"type-product","3":"status-publish","4":"has-post-thumbnail","6":"product_cat-cat_seguranca","7":"product_cat-cat_iluminacao","8":"product_tag-eletrico","9":"product_tag-iluminacao","10":"product_tag-led","11":"product_tag-seguranca","13":"first","14":"instock","15":"shipping-taxable","16":"purchasable","17":"product-type-simple"},"jetpack_sharing_enabled":true,"_links":{"self":[{"href":"https:\/\/assulba.com.br\/index.php?rest_route=\/wp\/v2\/product\/3206","targetHints":{"allow":["GET"]}}],"collection":[{"href":"https:\/\/assulba.com.br\/index.php?rest_route=\/wp\/v2\/product"}],"about":[{"href":"https:\/\/assulba.com.br\/index.php?rest_route=\/wp\/v2\/types\/product"}],"wp:featuredmedia":[{"embeddable":true,"href":"https:\/\/assulba.com.br\/index.php?rest_route=\/wp\/v2\/media\/3207"}],"wp:attachment":[{"href":"https:\/\/assulba.com.br\/index.php?rest_route=%2Fwp%2Fv2%2Fmedia&parent=3206"}],"wp:term":[{"taxonomy":"product_brand","embeddable":true,"href":"https:\/\/assulba.com.br\/index.php?rest_route=%2Fwp%2Fv2%2Fproduct_brand&post=3206"},{"taxonomy":"product_cat","embeddable":true,"href":"https:\/\/assulba.com.br\/index.php?rest_route=%2Fwp%2Fv2%2Fproduct_cat&post=3206"},{"taxonomy":"product_tag","embeddable":true,"href":"https:\/\/assulba.com.br\/index.php?rest_route=%2Fwp%2Fv2%2Fproduct_tag&post=3206"}],"curies":[{"name":"wp","href":"https:\/\/api.w.org\/{rel}","templated":true}]}}