{"id":3202,"date":"2019-03-29T20:50:37","date_gmt":"2019-03-29T23:50:37","guid":{"rendered":"http:\/\/assulba.com.br\/?post_type=product&#038;p=3202"},"modified":"2024-03-17T01:01:55","modified_gmt":"2024-03-17T04:01:55","slug":"trena-5m-19mm-vonder","status":"publish","type":"product","link":"https:\/\/assulba.com.br\/?product=trena-5m-19mm-vonder","title":{"rendered":"TRENA 5M 19MM VONDER"},"content":{"rendered":"","protected":false},"excerpt":{"rendered":"<p>REF 5023<\/p>\n<p>Trena<br \/>\nIndicada para medi\u00e7\u00f5es em geral. N\u00e3o possui al\u00e7a em nylon.<br \/>\nPossui estojo anat\u00f4mico em ABS de alta resist\u00eancia. Fita em a\u00e7o com gradua\u00e7\u00e3o em mil\u00edmetros e polegadas, al\u00e9m de pintura brilhante e numera\u00e7\u00e3o cont\u00ednua, agilizando a leitura e proporcionando maior precis\u00e3o. Possui trava da fita que facilita a leitura e presilha para cinto auxiliando no transporte durante o uso. Com gancho ajust\u00e1vel na ponta da fita, permitindo medi\u00e7\u00f5es internas e externas mais precisas.<\/p>\n<p>Comprimento da trena:<br \/>\n5 m<\/p>\n<p>Largura da fita da trena:<br \/>\n19,0 mm<\/p>\n<p>Revestimento da fita da trena:<br \/>\nPintado<\/p>\n<p>Acabamento da fita da trena:<br \/>\nBrilhante<\/p>\n<p>Gradua\u00e7\u00e3o da trena:<br \/>\nmm\/pol<\/p>\n<p>Material da caixa da trena:<br \/>\nABS de alta resist\u00eancia<\/p>\n<p>Sistema de trava da trena:<br \/>\nBot\u00e3o<\/p>\n<p>Classe de precis\u00e3o:<br \/>\nClasse II<\/p>\n<p>Garantia &#8211; E (CDC):<br \/>\nGarantia legal: 90 dias<\/p>\n","protected":false},"featured_media":3203,"template":"","meta":[],"product_brand":[],"product_cat":[312],"product_tag":[34],"class_list":{"0":"post-3202","1":"product","2":"type-product","3":"status-publish","4":"has-post-thumbnail","6":"product_cat-cat-reparos","7":"product_tag-ferramenta","9":"first","10":"instock","11":"shipping-taxable","12":"purchasable","13":"product-type-simple"},"jetpack_sharing_enabled":true,"_links":{"self":[{"href":"https:\/\/assulba.com.br\/index.php?rest_route=\/wp\/v2\/product\/3202","targetHints":{"allow":["GET"]}}],"collection":[{"href":"https:\/\/assulba.com.br\/index.php?rest_route=\/wp\/v2\/product"}],"about":[{"href":"https:\/\/assulba.com.br\/index.php?rest_route=\/wp\/v2\/types\/product"}],"wp:featuredmedia":[{"embeddable":true,"href":"https:\/\/assulba.com.br\/index.php?rest_route=\/wp\/v2\/media\/3203"}],"wp:attachment":[{"href":"https:\/\/assulba.com.br\/index.php?rest_route=%2Fwp%2Fv2%2Fmedia&parent=3202"}],"wp:term":[{"taxonomy":"product_brand","embeddable":true,"href":"https:\/\/assulba.com.br\/index.php?rest_route=%2Fwp%2Fv2%2Fproduct_brand&post=3202"},{"taxonomy":"product_cat","embeddable":true,"href":"https:\/\/assulba.com.br\/index.php?rest_route=%2Fwp%2Fv2%2Fproduct_cat&post=3202"},{"taxonomy":"product_tag","embeddable":true,"href":"https:\/\/assulba.com.br\/index.php?rest_route=%2Fwp%2Fv2%2Fproduct_tag&post=3202"}],"curies":[{"name":"wp","href":"https:\/\/api.w.org\/{rel}","templated":true}]}}