{"id":3196,"date":"2019-03-29T19:59:37","date_gmt":"2019-03-29T22:59:37","guid":{"rendered":"http:\/\/assulba.com.br\/?post_type=product&#038;p=3196"},"modified":"2024-03-17T01:01:55","modified_gmt":"2024-03-17T04:01:55","slug":"banqueta-plastica-dobravel-450mm-vonder","status":"publish","type":"product","link":"https:\/\/assulba.com.br\/?product=banqueta-plastica-dobravel-450mm-vonder","title":{"rendered":"BANQUETAS PL\u00c1STICAS DOBR\u00c1VEIS VONDER"},"content":{"rendered":"","protected":false},"excerpt":{"rendered":"<p>Banqueta dobr\u00e1vel<br \/>\nUtilizada para apoio em trabalhos de manuten\u00e7\u00e3o.<br \/>\nAcabamento emborrachado antiderrapante, dobr\u00e1vel e possui al\u00e7a quando dobrada.<br \/>\nMaterial: ABS<br \/>\nCapacidade:150 kgf<\/p>\n<p><iframe loading=\"lazy\" width=\"560\" height=\"315\" src=\"https:\/\/www.youtube-nocookie.com\/embed\/V_Qx5rPmRfY\" title=\"YouTube video player\" frameborder=\"0\" allow=\"accelerometer; autoplay; clipboard-write; encrypted-media; gyroscope; picture-in-picture\" allowfullscreen><\/iframe><\/p>\n<p><strong>OP\u00c7\u00d5ES DE ALTURAS<\/strong><\/p>\n<p>Modelo 22cm<br \/>\nMedidas Montada: Comp 35,5 cm; Larg 28,5 cm; Alt 22 cm<br \/>\nMedidas Fechada: Comp 35,5 cm; Larg 4,5 cm; Alt 35 cm<\/p>\n<p>Modelo 45cm<br \/>\nMedidas Montada: Comp 41 cm; Larg 33 cm; Alt 45 cm<br \/>\nMedidas Fechada: Comp 41 cm; Larg 4,5 cm; Alt 57,5 cm<br \/>\nCapacidade de carga:150 kgf<\/p>\n","protected":false},"featured_media":5878,"template":"","meta":[],"product_brand":[],"product_cat":[312],"product_tag":[144,136],"class_list":{"0":"post-3196","1":"product","2":"type-product","3":"status-publish","4":"has-post-thumbnail","6":"product_cat-cat-reparos","7":"product_tag-banqueta","8":"product_tag-vonder","10":"first","11":"instock","12":"shipping-taxable","13":"purchasable","14":"product-type-variable"},"jetpack_sharing_enabled":true,"_links":{"self":[{"href":"https:\/\/assulba.com.br\/index.php?rest_route=\/wp\/v2\/product\/3196","targetHints":{"allow":["GET"]}}],"collection":[{"href":"https:\/\/assulba.com.br\/index.php?rest_route=\/wp\/v2\/product"}],"about":[{"href":"https:\/\/assulba.com.br\/index.php?rest_route=\/wp\/v2\/types\/product"}],"wp:featuredmedia":[{"embeddable":true,"href":"https:\/\/assulba.com.br\/index.php?rest_route=\/wp\/v2\/media\/5878"}],"wp:attachment":[{"href":"https:\/\/assulba.com.br\/index.php?rest_route=%2Fwp%2Fv2%2Fmedia&parent=3196"}],"wp:term":[{"taxonomy":"product_brand","embeddable":true,"href":"https:\/\/assulba.com.br\/index.php?rest_route=%2Fwp%2Fv2%2Fproduct_brand&post=3196"},{"taxonomy":"product_cat","embeddable":true,"href":"https:\/\/assulba.com.br\/index.php?rest_route=%2Fwp%2Fv2%2Fproduct_cat&post=3196"},{"taxonomy":"product_tag","embeddable":true,"href":"https:\/\/assulba.com.br\/index.php?rest_route=%2Fwp%2Fv2%2Fproduct_tag&post=3196"}],"curies":[{"name":"wp","href":"https:\/\/api.w.org\/{rel}","templated":true}]}}