{"id":3153,"date":"2018-12-05T17:46:51","date_gmt":"2018-12-05T20:46:51","guid":{"rendered":"http:\/\/assulba.com.br\/?post_type=product&#038;p=3153"},"modified":"2024-03-17T01:01:56","modified_gmt":"2024-03-17T04:01:56","slug":"bota-de-pvc-com-forro-vonder-plus","status":"publish","type":"product","link":"https:\/\/assulba.com.br\/?product=bota-de-pvc-com-forro-vonder-plus","title":{"rendered":"BOTA DE PVC PRETO E AMARELO VONDER"},"content":{"rendered":"","protected":false},"excerpt":{"rendered":"<p>REF 5012<\/p>\n<p>1 Par de botas de PVC<br \/>\nIndicada para constru\u00e7\u00e3o civil, postos de gasolina, agropecu\u00e1ria, atividades agr\u00edcolas (campo e lavoura em geral), pecu\u00e1ria, ca\u00e7a, pesca, lojas de motope\u00e7as, atividades de lazer, limpeza industrial, condom\u00ednios, entre outros<br \/>\nMais leve, mais resistente, mais flex\u00edvel, mais macia, e com mais grip. Solado bi performance, produto injetado em duas etapas, solado mais duro, de f\u00e1cil lavagem e antiderrapante e corpo mais macio, proporcionando maior vida \u00fatil e conforto durante o uso.<\/p>\n<p>Certificados:<br \/>\n36103<br \/>\nN\u00famero do Certificado de Aprova\u00e7\u00e3o &#8211; CA: 36103<\/p>\n<p>Material da bota: PVC<br \/>\nCor da bota: Preto \/ Amarelo<br \/>\nTamanho do cano da bota: Cano m\u00e9dio<br \/>\nMedida do cano da bota: 28,0 cm<br \/>\nTipo de solado da bota: PVC<br \/>\nAcabamento interno da bota: Com forro<br \/>\nGarantia &#8211; E (CDC)<br \/>\nGarantia legal: 90 dias<\/p>\n","protected":false},"featured_media":3297,"template":"","meta":[],"product_brand":[],"product_cat":[305],"product_tag":[127,136],"class_list":{"0":"post-3153","1":"product","2":"type-product","3":"status-publish","4":"has-post-thumbnail","6":"product_cat-cat_epi","7":"product_tag-seguranca","8":"product_tag-vonder","10":"first","11":"instock","12":"shipping-taxable","13":"purchasable","14":"product-type-simple"},"jetpack_sharing_enabled":true,"_links":{"self":[{"href":"https:\/\/assulba.com.br\/index.php?rest_route=\/wp\/v2\/product\/3153","targetHints":{"allow":["GET"]}}],"collection":[{"href":"https:\/\/assulba.com.br\/index.php?rest_route=\/wp\/v2\/product"}],"about":[{"href":"https:\/\/assulba.com.br\/index.php?rest_route=\/wp\/v2\/types\/product"}],"wp:featuredmedia":[{"embeddable":true,"href":"https:\/\/assulba.com.br\/index.php?rest_route=\/wp\/v2\/media\/3297"}],"wp:attachment":[{"href":"https:\/\/assulba.com.br\/index.php?rest_route=%2Fwp%2Fv2%2Fmedia&parent=3153"}],"wp:term":[{"taxonomy":"product_brand","embeddable":true,"href":"https:\/\/assulba.com.br\/index.php?rest_route=%2Fwp%2Fv2%2Fproduct_brand&post=3153"},{"taxonomy":"product_cat","embeddable":true,"href":"https:\/\/assulba.com.br\/index.php?rest_route=%2Fwp%2Fv2%2Fproduct_cat&post=3153"},{"taxonomy":"product_tag","embeddable":true,"href":"https:\/\/assulba.com.br\/index.php?rest_route=%2Fwp%2Fv2%2Fproduct_tag&post=3153"}],"curies":[{"name":"wp","href":"https:\/\/api.w.org\/{rel}","templated":true}]}}