{"id":3046,"date":"2018-06-03T23:38:15","date_gmt":"2018-06-04T02:38:15","guid":{"rendered":"http:\/\/assulba.com.br\/?post_type=product&#038;p=3046"},"modified":"2024-03-17T01:01:56","modified_gmt":"2024-03-17T04:01:56","slug":"porta-guarda-chuva-tramontina","status":"publish","type":"product","link":"https:\/\/assulba.com.br\/?product=porta-guarda-chuva-tramontina","title":{"rendered":"Porta Guarda-Chuva Tramontina"},"content":{"rendered":"","protected":false},"excerpt":{"rendered":"<p>(SOB ENCOMENDA)<\/p>\n<p>Material: A\u00e7o Inox AISI 430<br \/>\nEspessura: 0,5 mm<br \/>\nAcabamento: Scotch Brite<br \/>\nRecipiente para reten\u00e7\u00e3o da \u00e1gua: Sim<\/p>\n<p>MODELO 15L<br \/>\nPeso 1,24 kg<br \/>\nComprimento 203 mm<br \/>\nLargura 203 mm<br \/>\nAltura 465 mm<br \/>\nCapacidade 15.00 L<\/p>\n<p>MODELO 20L<br \/>\nPeso 1,53 kg<br \/>\nComprimento 260 mm<br \/>\nLargura 260 mm<br \/>\nAltura 435 mm<br \/>\nCapacidade 20.00 L<\/p>\n","protected":false},"featured_media":3047,"template":"","meta":[],"product_brand":[],"product_cat":[303],"product_tag":[31,132],"class_list":{"0":"post-3046","1":"product","2":"type-product","3":"status-publish","4":"has-post-thumbnail","6":"product_cat-servico-espera","7":"product_tag-inox","8":"product_tag-tramontina","10":"first","11":"instock","12":"shipping-taxable","13":"purchasable","14":"product-type-simple"},"jetpack_sharing_enabled":true,"_links":{"self":[{"href":"https:\/\/assulba.com.br\/index.php?rest_route=\/wp\/v2\/product\/3046","targetHints":{"allow":["GET"]}}],"collection":[{"href":"https:\/\/assulba.com.br\/index.php?rest_route=\/wp\/v2\/product"}],"about":[{"href":"https:\/\/assulba.com.br\/index.php?rest_route=\/wp\/v2\/types\/product"}],"wp:featuredmedia":[{"embeddable":true,"href":"https:\/\/assulba.com.br\/index.php?rest_route=\/wp\/v2\/media\/3047"}],"wp:attachment":[{"href":"https:\/\/assulba.com.br\/index.php?rest_route=%2Fwp%2Fv2%2Fmedia&parent=3046"}],"wp:term":[{"taxonomy":"product_brand","embeddable":true,"href":"https:\/\/assulba.com.br\/index.php?rest_route=%2Fwp%2Fv2%2Fproduct_brand&post=3046"},{"taxonomy":"product_cat","embeddable":true,"href":"https:\/\/assulba.com.br\/index.php?rest_route=%2Fwp%2Fv2%2Fproduct_cat&post=3046"},{"taxonomy":"product_tag","embeddable":true,"href":"https:\/\/assulba.com.br\/index.php?rest_route=%2Fwp%2Fv2%2Fproduct_tag&post=3046"}],"curies":[{"name":"wp","href":"https:\/\/api.w.org\/{rel}","templated":true}]}}