{"id":3024,"date":"2018-06-03T18:32:08","date_gmt":"2018-06-03T21:32:08","guid":{"rendered":"http:\/\/assulba.com.br\/?post_type=product&#038;p=3024"},"modified":"2024-09-07T20:32:26","modified_gmt":"2024-09-07T23:32:26","slug":"dispenser-multicopo-nobre","status":"publish","type":"product","link":"https:\/\/assulba.com.br\/?product=dispenser-multicopo-nobre","title":{"rendered":"DISPENSADOR DE COPOS PL\u00c1STICOS MULTICOPO BRANCO NOBRE"},"content":{"rendered":"","protected":false},"excerpt":{"rendered":"<p>Dispensador de copos pl\u00e1sticos para \u00e1gua, com acionamento por tecla. Compat\u00edvel com copos de 150ml at\u00e9 200ml. Novo modelo da marca, com modifica\u00e7\u00f5es no design e melhor resist\u00eancia.<\/p>\n","protected":false},"featured_media":9584,"template":"","meta":[],"product_brand":[],"product_cat":[303],"product_tag":[97,91],"class_list":{"0":"post-3024","1":"product","2":"type-product","3":"status-publish","4":"has-post-thumbnail","6":"product_cat-servico-espera","7":"product_tag-copos","8":"product_tag-dispenser","10":"first","11":"instock","12":"shipping-taxable","13":"purchasable","14":"product-type-simple"},"jetpack_sharing_enabled":true,"_links":{"self":[{"href":"https:\/\/assulba.com.br\/index.php?rest_route=\/wp\/v2\/product\/3024","targetHints":{"allow":["GET"]}}],"collection":[{"href":"https:\/\/assulba.com.br\/index.php?rest_route=\/wp\/v2\/product"}],"about":[{"href":"https:\/\/assulba.com.br\/index.php?rest_route=\/wp\/v2\/types\/product"}],"wp:featuredmedia":[{"embeddable":true,"href":"https:\/\/assulba.com.br\/index.php?rest_route=\/wp\/v2\/media\/9584"}],"wp:attachment":[{"href":"https:\/\/assulba.com.br\/index.php?rest_route=%2Fwp%2Fv2%2Fmedia&parent=3024"}],"wp:term":[{"taxonomy":"product_brand","embeddable":true,"href":"https:\/\/assulba.com.br\/index.php?rest_route=%2Fwp%2Fv2%2Fproduct_brand&post=3024"},{"taxonomy":"product_cat","embeddable":true,"href":"https:\/\/assulba.com.br\/index.php?rest_route=%2Fwp%2Fv2%2Fproduct_cat&post=3024"},{"taxonomy":"product_tag","embeddable":true,"href":"https:\/\/assulba.com.br\/index.php?rest_route=%2Fwp%2Fv2%2Fproduct_tag&post=3024"}],"curies":[{"name":"wp","href":"https:\/\/api.w.org\/{rel}","templated":true}]}}