{"id":3012,"date":"2018-05-26T19:58:08","date_gmt":"2018-05-26T22:58:08","guid":{"rendered":"http:\/\/assulba.com.br\/?post_type=product&#038;p=3012"},"modified":"2024-03-17T01:01:56","modified_gmt":"2024-03-17T04:01:56","slug":"picareta-alviao-tramontina","status":"publish","type":"product","link":"https:\/\/assulba.com.br\/?product=picareta-alviao-tramontina","title":{"rendered":"Picareta alvi\u00e3o Tramontina"},"content":{"rendered":"","protected":false},"excerpt":{"rendered":"<p>PROMO\u00c7\u00c3O: v\u00e1lida enquanto houver produto em estoque (foto apenas ilustrativa).<\/p>\n<p>REF. 1423<\/p>\n<p>Picareta alvi\u00e3o, tamanho 4, cabo de madeira 90 cm<\/p>\n<p>Para pequenas ou grandes reformas s\u00e3o necess\u00e1rias ferramentas espec\u00edficas para que o trabalho seja realizado de maneira correta e precisa. A picareta da Tramontina \u00e9 ideal para facilitar o dia-a-dia de quem trabalha com superf\u00edcies muito duras, pois conta com l\u00e2mina em a\u00e7o forjado.<br \/>\nO sistema de encabamento com bucha pl\u00e1stica evita que o cabo se solte da l\u00e2mina e ajuda a absorver o impacto durante o uso.<\/p>\n","protected":false},"featured_media":3013,"template":"","meta":[],"product_brand":[],"product_cat":[313],"product_tag":[34,35,132],"class_list":{"0":"post-3012","1":"product","2":"type-product","3":"status-publish","4":"has-post-thumbnail","6":"product_cat-cat_jardinagem","7":"product_tag-ferramenta","8":"product_tag-jardim","9":"product_tag-tramontina","11":"first","12":"instock","13":"shipping-taxable","14":"purchasable","15":"product-type-simple"},"jetpack_sharing_enabled":true,"_links":{"self":[{"href":"https:\/\/assulba.com.br\/index.php?rest_route=\/wp\/v2\/product\/3012","targetHints":{"allow":["GET"]}}],"collection":[{"href":"https:\/\/assulba.com.br\/index.php?rest_route=\/wp\/v2\/product"}],"about":[{"href":"https:\/\/assulba.com.br\/index.php?rest_route=\/wp\/v2\/types\/product"}],"wp:featuredmedia":[{"embeddable":true,"href":"https:\/\/assulba.com.br\/index.php?rest_route=\/wp\/v2\/media\/3013"}],"wp:attachment":[{"href":"https:\/\/assulba.com.br\/index.php?rest_route=%2Fwp%2Fv2%2Fmedia&parent=3012"}],"wp:term":[{"taxonomy":"product_brand","embeddable":true,"href":"https:\/\/assulba.com.br\/index.php?rest_route=%2Fwp%2Fv2%2Fproduct_brand&post=3012"},{"taxonomy":"product_cat","embeddable":true,"href":"https:\/\/assulba.com.br\/index.php?rest_route=%2Fwp%2Fv2%2Fproduct_cat&post=3012"},{"taxonomy":"product_tag","embeddable":true,"href":"https:\/\/assulba.com.br\/index.php?rest_route=%2Fwp%2Fv2%2Fproduct_tag&post=3012"}],"curies":[{"name":"wp","href":"https:\/\/api.w.org\/{rel}","templated":true}]}}