{"id":2996,"date":"2018-05-18T09:47:23","date_gmt":"2018-05-18T12:47:23","guid":{"rendered":"http:\/\/assulba.com.br\/?post_type=product&#038;p=2996"},"modified":"2024-03-17T01:01:56","modified_gmt":"2024-03-17T04:01:56","slug":"conjunto-doblo-20l-flex","status":"publish","type":"product","link":"https:\/\/assulba.com.br\/?product=conjunto-doblo-20l-flex","title":{"rendered":"Conjunto Dobl\u00f4 20 Flex Bralimpia"},"content":{"rendered":"","protected":false},"excerpt":{"rendered":"<p>REF. 6551 \/ REF. 6550<\/p>\n<p>Balde Doblo 20 \u2013 Modelo Flex<\/p>\n<p>Este balde permite a utiliza\u00e7\u00e3o de Mops Convencionais ou Planos.<br \/>\nFornecidos em 4 cores, permitem a identifica\u00e7\u00e3o de \u00e1reas e a preven\u00e7\u00e3o da contamina\u00e7\u00e3o cruzada entre os ambientes.<\/p>\n<p>O Balde Doblo 20 \u2013 Modelo Flex \u00e9 composto pelos seguintes itens:<br \/>\nBalde com capacidade para 32 litros com al\u00e7as<br \/>\nEspremedor com press\u00e3o lateral para Mops Convencionais ou Planos<br \/>\nDivis\u00f3ria interna com capacidade de 12 litros<br \/>\n4 rod\u00edzios de 50 mm<\/p>\n<p>&#8211; Suportes para fixa\u00e7\u00e3o dos cabos durante a limpeza e para os deslocamentos.<br \/>\n&#8211; Cantos arredondados para facilitar a limpeza e higieniza\u00e7\u00e3o p\u00f3s uso.<br \/>\n&#8211; Perfeita estabilidade para prevenir derramamentos e retrabalho.<\/p>\n<p>Comp. 56cm; Largura 35cm; Altura 70cm; Peso 3,950Kg<\/p>\n","protected":false},"featured_media":3000,"template":"","meta":[],"product_brand":[],"product_cat":[135,311],"product_tag":[108,131,27,110],"class_list":{"0":"post-2996","1":"product","2":"type-product","3":"status-publish","4":"has-post-thumbnail","6":"product_cat-cat_limpeza","7":"product_cat-cat_baldes_e_carros","8":"product_tag-balde","9":"product_tag-bralimpia","10":"product_tag-limpeza","11":"product_tag-mops","13":"first","14":"instock","15":"shipping-taxable","16":"purchasable","17":"product-type-simple"},"jetpack_sharing_enabled":true,"_links":{"self":[{"href":"https:\/\/assulba.com.br\/index.php?rest_route=\/wp\/v2\/product\/2996","targetHints":{"allow":["GET"]}}],"collection":[{"href":"https:\/\/assulba.com.br\/index.php?rest_route=\/wp\/v2\/product"}],"about":[{"href":"https:\/\/assulba.com.br\/index.php?rest_route=\/wp\/v2\/types\/product"}],"wp:featuredmedia":[{"embeddable":true,"href":"https:\/\/assulba.com.br\/index.php?rest_route=\/wp\/v2\/media\/3000"}],"wp:attachment":[{"href":"https:\/\/assulba.com.br\/index.php?rest_route=%2Fwp%2Fv2%2Fmedia&parent=2996"}],"wp:term":[{"taxonomy":"product_brand","embeddable":true,"href":"https:\/\/assulba.com.br\/index.php?rest_route=%2Fwp%2Fv2%2Fproduct_brand&post=2996"},{"taxonomy":"product_cat","embeddable":true,"href":"https:\/\/assulba.com.br\/index.php?rest_route=%2Fwp%2Fv2%2Fproduct_cat&post=2996"},{"taxonomy":"product_tag","embeddable":true,"href":"https:\/\/assulba.com.br\/index.php?rest_route=%2Fwp%2Fv2%2Fproduct_tag&post=2996"}],"curies":[{"name":"wp","href":"https:\/\/api.w.org\/{rel}","templated":true}]}}