{"id":2779,"date":"2018-05-06T16:36:32","date_gmt":"2018-05-06T19:36:32","guid":{"rendered":"http:\/\/assulba.com.br\/?post_type=product&#038;p=2779"},"modified":"2024-03-17T01:01:56","modified_gmt":"2024-03-17T04:01:56","slug":"coletor-de-copos-inox-brinox","status":"publish","type":"product","link":"https:\/\/assulba.com.br\/?product=coletor-de-copos-inox-brinox","title":{"rendered":"COLETOR INOX DE COPOS, 20CM X 60CM, BRINOX"},"content":{"rendered":"","protected":false},"excerpt":{"rendered":"<p>A estrutura interna do produto lhe permite acomodar, retirar e repor copos de caf\u00e9 e \u00e1gua de maneira simples e minimiza os riscos de danific\u00e1-los durante o manuseio. Feito em PS, este tubo interno \u00e9 resistente e pode ser removido para limpeza. O corpo exterior do coletor de copos \u00e9 feito em a\u00e7o inox, um material dur\u00e1vel, que n\u00e3o apresenta porosidades e evita o ac\u00famulo de res\u00edduos. A pe\u00e7a tem acabamento em alto brilho.<\/p>\n<p>20cmx60cm (366 copos de caf\u00e9 e 252 copos de \u00e1gua)<\/p>\n","protected":false},"featured_media":2780,"template":"","meta":[],"product_brand":[],"product_cat":[21,314],"product_tag":[97,31,70],"class_list":{"0":"post-2779","1":"product","2":"type-product","3":"status-publish","4":"has-post-thumbnail","6":"product_cat-cat_lixeiras","7":"product_cat-cat_lixeirainox","8":"product_tag-copos","9":"product_tag-inox","10":"product_tag-lixeiras","12":"first","13":"instock","14":"shipping-taxable","15":"purchasable","16":"product-type-variable"},"jetpack_sharing_enabled":true,"_links":{"self":[{"href":"https:\/\/assulba.com.br\/index.php?rest_route=\/wp\/v2\/product\/2779","targetHints":{"allow":["GET"]}}],"collection":[{"href":"https:\/\/assulba.com.br\/index.php?rest_route=\/wp\/v2\/product"}],"about":[{"href":"https:\/\/assulba.com.br\/index.php?rest_route=\/wp\/v2\/types\/product"}],"wp:featuredmedia":[{"embeddable":true,"href":"https:\/\/assulba.com.br\/index.php?rest_route=\/wp\/v2\/media\/2780"}],"wp:attachment":[{"href":"https:\/\/assulba.com.br\/index.php?rest_route=%2Fwp%2Fv2%2Fmedia&parent=2779"}],"wp:term":[{"taxonomy":"product_brand","embeddable":true,"href":"https:\/\/assulba.com.br\/index.php?rest_route=%2Fwp%2Fv2%2Fproduct_brand&post=2779"},{"taxonomy":"product_cat","embeddable":true,"href":"https:\/\/assulba.com.br\/index.php?rest_route=%2Fwp%2Fv2%2Fproduct_cat&post=2779"},{"taxonomy":"product_tag","embeddable":true,"href":"https:\/\/assulba.com.br\/index.php?rest_route=%2Fwp%2Fv2%2Fproduct_tag&post=2779"}],"curies":[{"name":"wp","href":"https:\/\/api.w.org\/{rel}","templated":true}]}}