{"id":2627,"date":"2018-04-24T10:29:59","date_gmt":"2018-04-24T13:29:59","guid":{"rendered":"http:\/\/assulba.com.br\/?post_type=product&#038;p=2627"},"modified":"2024-03-17T01:01:56","modified_gmt":"2024-03-17T04:01:56","slug":"lixeira-t-force-2","status":"publish","type":"product","link":"https:\/\/assulba.com.br\/?product=lixeira-t-force-2","title":{"rendered":"Lixeira T-Force Tramontina"},"content":{"rendered":"","protected":false},"excerpt":{"rendered":"<p>Lixeira em Polipropileno, articul\u00e1vel. Com a superf\u00edcie lisa, que possibilita a limpeza mais facilmente. Tampa acionada por pedal. Haste do acionamento resistente e que garante a mesma abertura de tampa por um longo tempo. Aconselha-se a limpar com pano macio e umedecido apenas com \u00e1gua. Evitar longa exposi\u00e7\u00e3o ao sol. Possui 1 (um) ano de garantia.<\/p>\n<hr \/>\n<p><strong>OP\u00c7\u00d5ES DE TAMANHOS<\/strong><br \/>\n15L (A 37cm; L 34cm; C 31cm)<br \/>\n25L (A 44cm; L 40cm; C 36cm)<br \/>\n50L (A 69cm; L 44cm; C 40cm)<br \/>\n100L (A 88cm; L 61cm; C 63cm)<\/p>\n<p>Cores: cinza, branco, ou preto.<\/p>\n","protected":false},"featured_media":4700,"template":"","meta":[],"product_brand":[],"product_cat":[21,316],"product_tag":[70,72,132],"class_list":{"0":"post-2627","1":"product","2":"type-product","3":"status-publish","4":"has-post-thumbnail","6":"product_cat-cat_lixeiras","7":"product_cat-cat_plast-pedal","8":"product_tag-lixeiras","9":"product_tag-pedal","10":"product_tag-tramontina","12":"first","13":"instock","14":"shipping-taxable","15":"purchasable","16":"product-type-variable"},"jetpack_sharing_enabled":true,"_links":{"self":[{"href":"https:\/\/assulba.com.br\/index.php?rest_route=\/wp\/v2\/product\/2627","targetHints":{"allow":["GET"]}}],"collection":[{"href":"https:\/\/assulba.com.br\/index.php?rest_route=\/wp\/v2\/product"}],"about":[{"href":"https:\/\/assulba.com.br\/index.php?rest_route=\/wp\/v2\/types\/product"}],"wp:featuredmedia":[{"embeddable":true,"href":"https:\/\/assulba.com.br\/index.php?rest_route=\/wp\/v2\/media\/4700"}],"wp:attachment":[{"href":"https:\/\/assulba.com.br\/index.php?rest_route=%2Fwp%2Fv2%2Fmedia&parent=2627"}],"wp:term":[{"taxonomy":"product_brand","embeddable":true,"href":"https:\/\/assulba.com.br\/index.php?rest_route=%2Fwp%2Fv2%2Fproduct_brand&post=2627"},{"taxonomy":"product_cat","embeddable":true,"href":"https:\/\/assulba.com.br\/index.php?rest_route=%2Fwp%2Fv2%2Fproduct_cat&post=2627"},{"taxonomy":"product_tag","embeddable":true,"href":"https:\/\/assulba.com.br\/index.php?rest_route=%2Fwp%2Fv2%2Fproduct_tag&post=2627"}],"curies":[{"name":"wp","href":"https:\/\/api.w.org\/{rel}","templated":true}]}}