{"id":2590,"date":"2018-04-22T21:14:09","date_gmt":"2018-04-23T00:14:09","guid":{"rendered":"http:\/\/assulba.com.br\/?post_type=product&#038;p=2590"},"modified":"2024-03-17T01:01:56","modified_gmt":"2024-03-17T04:01:56","slug":"chaveiros-com-etiqueta-acrimet","status":"publish","type":"product","link":"https:\/\/assulba.com.br\/?product=chaveiros-com-etiqueta-acrimet","title":{"rendered":"Chaveiros com etiqueta ACRIMET"},"content":{"rendered":"","protected":false},"excerpt":{"rendered":"<p>REF. 0655<\/p>\n<p>Chaveiros fabricados em polipropileno, com etiquetas de identifica\u00e7\u00e3o. Uma maneira pr\u00e1tica e eficiente de organizar suas chaves.<\/p>\n<p>Cores sortidas:<br \/>\nAmarelo Neon<br \/>\nAzul<br \/>\nCenoura Neon<br \/>\nCristal<br \/>\nFum\u00ea<br \/>\nLil\u00e1s<br \/>\nRosa Neon<br \/>\nVerde Neon<\/p>\n","protected":false},"featured_media":8983,"template":"","meta":[],"product_brand":[],"product_cat":[20],"product_tag":[128,127],"class_list":{"0":"post-2590","1":"product","2":"type-product","3":"status-publish","4":"has-post-thumbnail","6":"product_cat-cat_logistica","7":"product_tag-quadro-de-chaves","8":"product_tag-seguranca","10":"first","11":"instock","12":"shipping-taxable","13":"purchasable","14":"product-type-simple"},"jetpack_sharing_enabled":true,"_links":{"self":[{"href":"https:\/\/assulba.com.br\/index.php?rest_route=\/wp\/v2\/product\/2590","targetHints":{"allow":["GET"]}}],"collection":[{"href":"https:\/\/assulba.com.br\/index.php?rest_route=\/wp\/v2\/product"}],"about":[{"href":"https:\/\/assulba.com.br\/index.php?rest_route=\/wp\/v2\/types\/product"}],"wp:featuredmedia":[{"embeddable":true,"href":"https:\/\/assulba.com.br\/index.php?rest_route=\/wp\/v2\/media\/8983"}],"wp:attachment":[{"href":"https:\/\/assulba.com.br\/index.php?rest_route=%2Fwp%2Fv2%2Fmedia&parent=2590"}],"wp:term":[{"taxonomy":"product_brand","embeddable":true,"href":"https:\/\/assulba.com.br\/index.php?rest_route=%2Fwp%2Fv2%2Fproduct_brand&post=2590"},{"taxonomy":"product_cat","embeddable":true,"href":"https:\/\/assulba.com.br\/index.php?rest_route=%2Fwp%2Fv2%2Fproduct_cat&post=2590"},{"taxonomy":"product_tag","embeddable":true,"href":"https:\/\/assulba.com.br\/index.php?rest_route=%2Fwp%2Fv2%2Fproduct_tag&post=2590"}],"curies":[{"name":"wp","href":"https:\/\/api.w.org\/{rel}","templated":true}]}}