{"id":2528,"date":"2018-04-21T19:03:59","date_gmt":"2018-04-21T22:03:59","guid":{"rendered":"http:\/\/assulba.com.br\/?post_type=product&#038;p=2528"},"modified":"2024-03-17T01:01:57","modified_gmt":"2024-03-17T04:01:57","slug":"rodo-profissional-de-aluminio-multirodo","status":"publish","type":"product","link":"https:\/\/assulba.com.br\/?product=rodo-profissional-de-aluminio-multirodo","title":{"rendered":"RODO PROFISSIONAL DE ALUM\u00cdNIO MULTIRODO 65CM NOBRE"},"content":{"rendered":"","protected":false},"excerpt":{"rendered":"<p>Produzido em alum\u00ednio de alta resist\u00eancia<br \/>\nPintura em ep\u00f3xi<br \/>\nFormato Exclusivo<br \/>\nSistema de fixa\u00e7\u00e3o h\u00eddrido, para cabos com e sem ponteira<br \/>\nSuper leve<\/p>\n<p>Marca Nobre<\/p>\n<p>Tamanho: 65cm<br \/>\nCores: Natural<\/p>\n","protected":false},"featured_media":4852,"template":"","meta":[],"product_brand":[],"product_cat":[135,310],"product_tag":[114,27,115],"class_list":{"0":"post-2528","1":"product","2":"type-product","3":"status-publish","4":"has-post-thumbnail","6":"product_cat-cat_limpeza","7":"product_cat-cat_limpeza_umida","8":"product_tag-aluminio","9":"product_tag-limpeza","10":"product_tag-rodos","12":"first","13":"instock","14":"shipping-taxable","15":"purchasable","16":"product-type-simple"},"jetpack_sharing_enabled":true,"_links":{"self":[{"href":"https:\/\/assulba.com.br\/index.php?rest_route=\/wp\/v2\/product\/2528","targetHints":{"allow":["GET"]}}],"collection":[{"href":"https:\/\/assulba.com.br\/index.php?rest_route=\/wp\/v2\/product"}],"about":[{"href":"https:\/\/assulba.com.br\/index.php?rest_route=\/wp\/v2\/types\/product"}],"wp:featuredmedia":[{"embeddable":true,"href":"https:\/\/assulba.com.br\/index.php?rest_route=\/wp\/v2\/media\/4852"}],"wp:attachment":[{"href":"https:\/\/assulba.com.br\/index.php?rest_route=%2Fwp%2Fv2%2Fmedia&parent=2528"}],"wp:term":[{"taxonomy":"product_brand","embeddable":true,"href":"https:\/\/assulba.com.br\/index.php?rest_route=%2Fwp%2Fv2%2Fproduct_brand&post=2528"},{"taxonomy":"product_cat","embeddable":true,"href":"https:\/\/assulba.com.br\/index.php?rest_route=%2Fwp%2Fv2%2Fproduct_cat&post=2528"},{"taxonomy":"product_tag","embeddable":true,"href":"https:\/\/assulba.com.br\/index.php?rest_route=%2Fwp%2Fv2%2Fproduct_tag&post=2528"}],"curies":[{"name":"wp","href":"https:\/\/api.w.org\/{rel}","templated":true}]}}