{"id":2472,"date":"2018-04-20T11:29:35","date_gmt":"2018-04-20T14:29:35","guid":{"rendered":"http:\/\/assulba.com.br\/?post_type=product&#038;p=2472"},"modified":"2024-03-17T01:01:57","modified_gmt":"2024-03-17T04:01:57","slug":"quadro-de-chave-ou-claviculario","status":"publish","type":"product","link":"https:\/\/assulba.com.br\/?product=quadro-de-chave-ou-claviculario","title":{"rendered":"Quadros de Chaves em Alum\u00ednio e Porta Acr\u00edlico"},"content":{"rendered":"","protected":false},"excerpt":{"rendered":"<p>Estes quadros possuem moldura em alum\u00ednio polido ou preto e porta em acr\u00edlico com fechadura. O interior vem com suporte para os chaveiros, em PVC numerado, para a organiza\u00e7\u00e3o das chaves com os respectivos n\u00fameros.<\/p>\n<p><strong>OP\u00c7\u00d5ES DE CAPACIDADE<\/strong><br \/>\n20 chaveiros<br \/>\n30 chaveiros<br \/>\n40 chaveiros<br \/>\n60 chaveiros<\/p>\n<p><strong>OP\u00c7\u00d5ES DE COR<\/strong><br \/>\nAlum\u00ednio polido<br \/>\nAlum\u00ednio preto<\/p>\n","protected":false},"featured_media":6099,"template":"","meta":[],"product_brand":[],"product_cat":[303,20],"product_tag":[114,128],"class_list":{"0":"post-2472","1":"product","2":"type-product","3":"status-publish","4":"has-post-thumbnail","6":"product_cat-servico-espera","7":"product_cat-cat_logistica","8":"product_tag-aluminio","9":"product_tag-quadro-de-chaves","11":"first","12":"instock","13":"shipping-taxable","14":"purchasable","15":"product-type-variable","16":"has-default-attributes"},"jetpack_sharing_enabled":true,"_links":{"self":[{"href":"https:\/\/assulba.com.br\/index.php?rest_route=\/wp\/v2\/product\/2472","targetHints":{"allow":["GET"]}}],"collection":[{"href":"https:\/\/assulba.com.br\/index.php?rest_route=\/wp\/v2\/product"}],"about":[{"href":"https:\/\/assulba.com.br\/index.php?rest_route=\/wp\/v2\/types\/product"}],"wp:featuredmedia":[{"embeddable":true,"href":"https:\/\/assulba.com.br\/index.php?rest_route=\/wp\/v2\/media\/6099"}],"wp:attachment":[{"href":"https:\/\/assulba.com.br\/index.php?rest_route=%2Fwp%2Fv2%2Fmedia&parent=2472"}],"wp:term":[{"taxonomy":"product_brand","embeddable":true,"href":"https:\/\/assulba.com.br\/index.php?rest_route=%2Fwp%2Fv2%2Fproduct_brand&post=2472"},{"taxonomy":"product_cat","embeddable":true,"href":"https:\/\/assulba.com.br\/index.php?rest_route=%2Fwp%2Fv2%2Fproduct_cat&post=2472"},{"taxonomy":"product_tag","embeddable":true,"href":"https:\/\/assulba.com.br\/index.php?rest_route=%2Fwp%2Fv2%2Fproduct_tag&post=2472"}],"curies":[{"name":"wp","href":"https:\/\/api.w.org\/{rel}","templated":true}]}}